{"id":1464,"date":"2019-12-17T09:12:16","date_gmt":"2019-12-17T09:12:16","guid":{"rendered":"https:\/\/scandisteel.ee\/etusivu\/"},"modified":"2019-12-17T09:39:22","modified_gmt":"2019-12-17T09:39:22","slug":"etusivu","status":"publish","type":"page","link":"https:\/\/scandisteel.ee\/fi\/","title":{"rendered":"Etusivu"},"content":{"rendered":"<div id='layer_slider_1'  class='avia-layerslider main_color avia-shadow  avia-builder-el-0  el_before_av_section  avia-builder-el-first  container_wrap sidebar_right'  style='height: 621px;'  ><\/div>\n\n<style type=\"text\/css\" data-created_by=\"avia_inline_auto\" id=\"style-css-av-c276h6-7e3765111968983209e4085f971ce371\">\n.avia-section.av-c276h6-7e3765111968983209e4085f971ce371{\nbackground-color:#191919;\nbackground-image:unset;\n}\n<\/style>\n<div id='av_section_1'  class='avia-section av-c276h6-7e3765111968983209e4085f971ce371 main_color avia-section-huge avia-no-border-styling  avia-builder-el-1  el_after_av_layerslider  el_before_av_section  z-index-0 home-section w-80 avia-bg-style-scroll container_wrap sidebar_right'  ><div class='container av-section-cont-open' ><div class='template-page content  av-content-small alpha units'><div class='post-entry post-entry-type-page post-entry-1464'><div class='entry-content-wrapper clearfix'>\n<div class='flex_column_table av-brd06i-eafb830f33c44f20248bcd54b90079ea sc-av_one_third av-equal-height-column-flextable'>\n<style type=\"text\/css\" data-created_by=\"avia_inline_auto\" id=\"style-css-av-brd06i-eafb830f33c44f20248bcd54b90079ea\">\n#top .flex_column_table.av-equal-height-column-flextable.av-brd06i-eafb830f33c44f20248bcd54b90079ea{\nmargin-top:-200px;\nmargin-bottom:0px;\n}\n.flex_column.av-brd06i-eafb830f33c44f20248bcd54b90079ea{\n-webkit-border-radius:0px 0px 0px 0px;\n-moz-border-radius:0px 0px 0px 0px;\nborder-radius:0px 0px 0px 0px;\npadding:50px 40px 60px 40px;\nbackground:url(https:\/\/scandisteel.ee\/wp-content\/uploads\/2019\/11\/shutterstock_1469010950-845x654.jpg) 0% 0% no-repeat scroll ;\n}\n<\/style>\n<div class='flex_column av-brd06i-eafb830f33c44f20248bcd54b90079ea av_one_third  avia-builder-el-2  el_before_av_one_third  avia-builder-el-first  gradient-overlay home-block first flex_column_table_cell av-equal-height-column av-align-top '     ><p>\n<style type=\"text\/css\" data-created_by=\"avia_inline_auto\" id=\"style-css-av-k35ytf7e-800fcc4ef97a58fa9cbfc1d002656457\">\n.avia-image-container.av-k35ytf7e-800fcc4ef97a58fa9cbfc1d002656457 img.avia_image{\nbox-shadow:none;\n}\n.avia-image-container.av-k35ytf7e-800fcc4ef97a58fa9cbfc1d002656457 .av-image-caption-overlay-center{\ncolor:#ffffff;\n}\n<\/style>\n<div  class='avia-image-container av-k35ytf7e-800fcc4ef97a58fa9cbfc1d002656457 av-styling- avia-align-center  avia-builder-el-3  el_before_av_hr  avia-builder-el-first '   itemprop=\"image\" itemscope=\"itemscope\" itemtype=\"https:\/\/schema.org\/ImageObject\" ><div class=\"avia-image-container-inner\"><div class=\"avia-image-overlay-wrap\"><img decoding=\"async\" class='wp-image-1481 avia-img-lazy-loading-not-1481 avia_image ' src=\"https:\/\/scandisteel.ee\/wp-content\/uploads\/2019\/11\/Bending.png\" alt='' title='Bending'  height=\"64\" width=\"64\"  itemprop=\"thumbnailUrl\" srcset=\"https:\/\/scandisteel.ee\/wp-content\/uploads\/2019\/11\/Bending.png 64w, https:\/\/scandisteel.ee\/wp-content\/uploads\/2019\/11\/Bending-36x36.png 36w\" sizes=\"(max-width: 64px) 100vw, 64px\" \/><\/div><\/div><\/div><br \/>\n\n<style type=\"text\/css\" data-created_by=\"avia_inline_auto\" id=\"style-css-av-bip6ve-d11416aae2cee8d27bf67efc13307e3b\">\n#top .hr.hr-invisible.av-bip6ve-d11416aae2cee8d27bf67efc13307e3b{\nheight:20px;\n}\n<\/style>\n<div  class='hr av-bip6ve-d11416aae2cee8d27bf67efc13307e3b hr-invisible  avia-builder-el-4  el_after_av_image  el_before_av_textblock '><span class='hr-inner '><span class=\"hr-inner-style\"><\/span><\/span><\/div><br \/>\n\n<style type=\"text\/css\" data-created_by=\"avia_inline_auto\" id=\"style-css-av-bege3m-22bf97fdc32ef54e15f0871d85f2435a\">\n#top .av_textblock_section.av-bege3m-22bf97fdc32ef54e15f0871d85f2435a .avia_textblock{\ncolor:#ffffff;\n}\n<\/style>\n<section  class='av_textblock_section av-bege3m-22bf97fdc32ef54e15f0871d85f2435a'  itemscope=\"itemscope\" itemtype=\"https:\/\/schema.org\/CreativeWork\" ><div class='avia_textblock av_inherit_color'  itemprop=\"text\" ><h4 style=\"text-align: center;\">Leimaus<\/h4>\n<p style=\"text-align: center;\">Leimaus eli lehtimetallista valmistettujen kappaleiden puristus on yksi meid\u00e4n kolmesta t\u00e4rke\u00e4mm\u00e4st\u00e4 palvelusta.<\/p>\n<\/div><\/section><br \/>\n\n<style type=\"text\/css\" data-created_by=\"avia_inline_auto\" id=\"style-css-av-b4p1ya-de987e2bb51752fad4599c44e62fd93c\">\n#top .hr.hr-invisible.av-b4p1ya-de987e2bb51752fad4599c44e62fd93c{\nheight:8px;\n}\n<\/style>\n<div  class='hr av-b4p1ya-de987e2bb51752fad4599c44e62fd93c hr-invisible  avia-builder-el-6  el_after_av_textblock  el_before_av_button '><span class='hr-inner '><span class=\"hr-inner-style\"><\/span><\/span><\/div><br \/>\n<div  class='avia-button-wrap av-13svl6-ab85dba0a298224ea766f8732f37831b-wrap avia-button-center  avia-builder-el-7  el_after_av_hr  avia-builder-el-last '><a href='https:\/\/scandisteel.ee\/fi\/leimaus\/'  class='avia-button av-13svl6-ab85dba0a298224ea766f8732f37831b avia-icon_select-no avia-size-medium avia-position-center avia-color-light'  ><span class='avia_iconbox_title' >Lue lis\u00e4\u00e4<\/span><\/a><\/div><\/p><\/div><div class='av-flex-placeholder'><\/div>\n<style type=\"text\/css\" data-created_by=\"avia_inline_auto\" id=\"style-css-av-atsvwa-a3286ffed9290fbd6b01847e12ff3e39\">\n#top .flex_column_table.av-equal-height-column-flextable.av-atsvwa-a3286ffed9290fbd6b01847e12ff3e39{\nmargin-top:-200px;\nmargin-bottom:0px;\n}\n.flex_column.av-atsvwa-a3286ffed9290fbd6b01847e12ff3e39{\n-webkit-border-radius:0px 0px 0px 0px;\n-moz-border-radius:0px 0px 0px 0px;\nborder-radius:0px 0px 0px 0px;\npadding:50px 40px 60px 40px;\nbackground:url(https:\/\/scandisteel.ee\/wp-content\/uploads\/2019\/11\/shutterstock_706786099.jpg) 0% 0% no-repeat scroll ;\n}\n<\/style>\n<div class='flex_column av-atsvwa-a3286ffed9290fbd6b01847e12ff3e39 av_one_third  avia-builder-el-8  el_after_av_one_third  el_before_av_one_third  gradient-overlay home-block flex_column_table_cell av-equal-height-column av-align-top '     ><p>\n<style type=\"text\/css\" data-created_by=\"avia_inline_auto\" id=\"style-css-av-k35ytf7e-2dea0e35a17f8a6499f4c44b4d3b63f7\">\n.avia-image-container.av-k35ytf7e-2dea0e35a17f8a6499f4c44b4d3b63f7 img.avia_image{\nbox-shadow:none;\n}\n.avia-image-container.av-k35ytf7e-2dea0e35a17f8a6499f4c44b4d3b63f7 .av-image-caption-overlay-center{\ncolor:#ffffff;\n}\n<\/style>\n<div  class='avia-image-container av-k35ytf7e-2dea0e35a17f8a6499f4c44b4d3b63f7 av-styling- avia-align-center  avia-builder-el-9  el_before_av_hr  avia-builder-el-first '   itemprop=\"image\" itemscope=\"itemscope\" itemtype=\"https:\/\/schema.org\/ImageObject\" ><div class=\"avia-image-container-inner\"><div class=\"avia-image-overlay-wrap\"><img decoding=\"async\" class='wp-image-1471 avia-img-lazy-loading-not-1471 avia_image ' src=\"https:\/\/scandisteel.ee\/wp-content\/uploads\/2019\/11\/Punching.png\" alt='' title='Punching'  height=\"65\" width=\"64\"  itemprop=\"thumbnailUrl\" srcset=\"https:\/\/scandisteel.ee\/wp-content\/uploads\/2019\/11\/Punching.png 64w, https:\/\/scandisteel.ee\/wp-content\/uploads\/2019\/11\/Punching-36x36.png 36w\" sizes=\"(max-width: 64px) 100vw, 64px\" \/><\/div><\/div><\/div><br \/>\n\n<style type=\"text\/css\" data-created_by=\"avia_inline_auto\" id=\"style-css-av-airjvu-3daaf196af2d77ebd294a3fa93f29e5c\">\n#top .hr.hr-invisible.av-airjvu-3daaf196af2d77ebd294a3fa93f29e5c{\nheight:20px;\n}\n<\/style>\n<div  class='hr av-airjvu-3daaf196af2d77ebd294a3fa93f29e5c hr-invisible  avia-builder-el-10  el_after_av_image  el_before_av_textblock '><span class='hr-inner '><span class=\"hr-inner-style\"><\/span><\/span><\/div><br \/>\n\n<style type=\"text\/css\" data-created_by=\"avia_inline_auto\" id=\"style-css-av-aefjde-7d2c5d4e7c04e143cfcc02e3b472099a\">\n#top .av_textblock_section.av-aefjde-7d2c5d4e7c04e143cfcc02e3b472099a .avia_textblock{\ncolor:#ffffff;\n}\n<\/style>\n<section  class='av_textblock_section av-aefjde-7d2c5d4e7c04e143cfcc02e3b472099a'  itemscope=\"itemscope\" itemtype=\"https:\/\/schema.org\/CreativeWork\" ><div class='avia_textblock av_inherit_color'  itemprop=\"text\" ><h4 style=\"text-align: center;\">Metallin taivutus<\/h4>\n<p style=\"text-align: center;\">Metallin taivutus tai lehtimetallin taivutus on prosessi, jolla metallille annetaan haluttu muoto ilman hitsausta.<\/p>\n<\/div><\/section><br \/>\n\n<style type=\"text\/css\" data-created_by=\"avia_inline_auto\" id=\"style-css-av-a5xeje-f4b0c012b8546583b30b6bcf6458b8c6\">\n#top .hr.hr-invisible.av-a5xeje-f4b0c012b8546583b30b6bcf6458b8c6{\nheight:8px;\n}\n<\/style>\n<div  class='hr av-a5xeje-f4b0c012b8546583b30b6bcf6458b8c6 hr-invisible  avia-builder-el-12  el_after_av_textblock  el_before_av_button '><span class='hr-inner '><span class=\"hr-inner-style\"><\/span><\/span><\/div><br \/>\n<div  class='avia-button-wrap av-a35sw2-3180fea1bc1710e5c52656058eff7082-wrap avia-button-center  avia-builder-el-13  el_after_av_hr  avia-builder-el-last '><a href='https:\/\/scandisteel.ee\/fi\/metallin-taivutus\/'  class='avia-button av-a35sw2-3180fea1bc1710e5c52656058eff7082 avia-icon_select-no avia-size-medium avia-position-center avia-color-light'  ><span class='avia_iconbox_title' >Lue lis\u00e4\u00e4<\/span><\/a><\/div><\/p><\/div><div class='av-flex-placeholder'><\/div>\n<style type=\"text\/css\" data-created_by=\"avia_inline_auto\" id=\"style-css-av-9ur522-42395f41d4bfa149240d918d28c06b48\">\n#top .flex_column_table.av-equal-height-column-flextable.av-9ur522-42395f41d4bfa149240d918d28c06b48{\nmargin-top:-200px;\nmargin-bottom:0px;\n}\n.flex_column.av-9ur522-42395f41d4bfa149240d918d28c06b48{\n-webkit-border-radius:0px 0px 0px 0px;\n-moz-border-radius:0px 0px 0px 0px;\nborder-radius:0px 0px 0px 0px;\npadding:50px 40px 60px 40px;\nbackground:url(https:\/\/scandisteel.ee\/wp-content\/uploads\/2019\/11\/shutterstock_1095620258.jpg) 0% 0% no-repeat scroll ;\n}\n<\/style>\n<div class='flex_column av-9ur522-42395f41d4bfa149240d918d28c06b48 av_one_third  avia-builder-el-14  el_after_av_one_third  avia-builder-el-last  gradient-overlay home-block flex_column_table_cell av-equal-height-column av-align-top '     ><p>\n<style type=\"text\/css\" data-created_by=\"avia_inline_auto\" id=\"style-css-av-k35ytf7e-92187eb3e37a68a953a6b8d0b898ed1d\">\n.avia-image-container.av-k35ytf7e-92187eb3e37a68a953a6b8d0b898ed1d img.avia_image{\nbox-shadow:none;\n}\n.avia-image-container.av-k35ytf7e-92187eb3e37a68a953a6b8d0b898ed1d .av-image-caption-overlay-center{\ncolor:#ffffff;\n}\n<\/style>\n<div  class='avia-image-container av-k35ytf7e-92187eb3e37a68a953a6b8d0b898ed1d av-styling- avia-align-center  avia-builder-el-15  el_before_av_hr  avia-builder-el-first '   itemprop=\"image\" itemscope=\"itemscope\" itemtype=\"https:\/\/schema.org\/ImageObject\" ><div class=\"avia-image-container-inner\"><div class=\"avia-image-overlay-wrap\"><img decoding=\"async\" class='wp-image-1476 avia-img-lazy-loading-not-1476 avia_image ' src=\"https:\/\/scandisteel.ee\/wp-content\/uploads\/2019\/11\/Welding.png\" alt='' title='Welding'  height=\"77\" width=\"64\"  itemprop=\"thumbnailUrl\"  \/><\/div><\/div><\/div><br \/>\n\n<style type=\"text\/css\" data-created_by=\"avia_inline_auto\" id=\"style-css-av-9iq20a-5c9cd07c42aa296ddb42c16f12c0e9aa\">\n#top .hr.hr-invisible.av-9iq20a-5c9cd07c42aa296ddb42c16f12c0e9aa{\nheight:20px;\n}\n<\/style>\n<div  class='hr av-9iq20a-5c9cd07c42aa296ddb42c16f12c0e9aa hr-invisible  avia-builder-el-16  el_after_av_image  el_before_av_textblock '><span class='hr-inner '><span class=\"hr-inner-style\"><\/span><\/span><\/div><br \/>\n\n<style type=\"text\/css\" data-created_by=\"avia_inline_auto\" id=\"style-css-av-9df63e-22ad89033db0fe331633005290e37873\">\n#top .av_textblock_section.av-9df63e-22ad89033db0fe331633005290e37873 .avia_textblock{\ncolor:#ffffff;\n}\n<\/style>\n<section  class='av_textblock_section av-9df63e-22ad89033db0fe331633005290e37873'  itemscope=\"itemscope\" itemtype=\"https:\/\/schema.org\/CreativeWork\" ><div class='avia_textblock av_inherit_color'  itemprop=\"text\" ><h4 style=\"text-align: center;\">Hitsaus<\/h4>\n<p style=\"text-align: center;\">Teemme isompia ja pienempi\u00e4 hitsaust\u00f6it\u00e4.<\/p>\n<\/div><\/section><br \/>\n\n<style type=\"text\/css\" data-created_by=\"avia_inline_auto\" id=\"style-css-av-wzf62-c5ca7ef781ca7a0042b6804b080b324b\">\n#top .hr.hr-invisible.av-wzf62-c5ca7ef781ca7a0042b6804b080b324b{\nheight:8px;\n}\n<\/style>\n<div  class='hr av-wzf62-c5ca7ef781ca7a0042b6804b080b324b hr-invisible  avia-builder-el-18  el_after_av_textblock  el_before_av_button '><span class='hr-inner '><span class=\"hr-inner-style\"><\/span><\/span><\/div><br \/>\n<div  class='avia-button-wrap av-93bjte-665e63acb973828113d7e6ddacda64cf-wrap avia-button-center  avia-builder-el-19  el_after_av_hr  avia-builder-el-last '><a href='https:\/\/scandisteel.ee\/fi\/hitsaus\/'  class='avia-button av-93bjte-665e63acb973828113d7e6ddacda64cf avia-icon_select-no avia-size-medium avia-position-center avia-color-light'  ><span class='avia_iconbox_title' >Lue lis\u00e4\u00e4<\/span><\/a><\/div><\/p><\/div><\/div><!--close column table wrapper. Autoclose: 1 --><\/div><\/div><\/div><!-- close content main div --><\/div><\/div>\n<style type=\"text\/css\" data-created_by=\"avia_inline_auto\" id=\"style-css-av-k3u4ji9i-d717a52f9c54a83310b56bbfd3f4d197\">\n.avia-section.av-k3u4ji9i-d717a52f9c54a83310b56bbfd3f4d197{\nbackground-color:#191919;\nbackground-image:unset;\n}\n<\/style>\n<div id='av_section_2'  class='avia-section av-k3u4ji9i-d717a52f9c54a83310b56bbfd3f4d197 main_color avia-section-default avia-no-border-styling  avia-builder-el-20  el_after_av_section  avia-builder-el-last  avia-bg-style-scroll container_wrap sidebar_right'  ><div class='container av-section-cont-open' ><div class='template-page content  av-content-small alpha units'><div class='post-entry post-entry-type-page post-entry-1464'><div class='entry-content-wrapper clearfix'>\n\n<style type=\"text\/css\" data-created_by=\"avia_inline_auto\" id=\"style-css-av-9maay-1f6452ce50bc071d7b894fcc369cf323\">\n.flex_column.av-9maay-1f6452ce50bc071d7b894fcc369cf323{\n-webkit-border-radius:0px 0px 0px 0px;\n-moz-border-radius:0px 0px 0px 0px;\nborder-radius:0px 0px 0px 0px;\npadding:0px 0px 0px 0px;\n}\n<\/style>\n<div class='flex_column av-9maay-1f6452ce50bc071d7b894fcc369cf323 av_one_full  avia-builder-el-21  avia-builder-el-no-sibling  first flex_column_div av-zero-column-padding '     ><style type=\"text\/css\" data-created_by=\"avia_inline_auto\" id=\"style-css-av-k3u2j5l8-e775da75e6e4562637b1c30d7117a50d\">\n#top .av_textblock_section.av-k3u2j5l8-e775da75e6e4562637b1c30d7117a50d .avia_textblock{\ncolor:#ffffff;\n}\n<\/style>\n<section  class='av_textblock_section av-k3u2j5l8-e775da75e6e4562637b1c30d7117a50d'  itemscope=\"itemscope\" itemtype=\"https:\/\/schema.org\/CreativeWork\" ><div class='avia_textblock av_inherit_color'  itemprop=\"text\" ><p>Scandisteel on v. 2018 toukokuussa perustettu metalliyritys. Meill\u00e4 on kokemuksia metallialalta jo vuodelta 2007. P\u00e4\u00e4tavoitteenamme on tarjota asiakkaille korkealaatuisia tuotteitta parhaalla hinta-laatu suhteella. Meid\u00e4n asiakkaat ovat p\u00e4\u00e4asiassa isot teollisuusyritykset, kuitenkin tarjoamme mielell\u00e4\u00e4n palveluja my\u00f6s pienemmille yrityksille ja yksityishenkil\u00f6ille. Tulevaisuudessa haluamme kehitty\u00e4 yhdeksi t\u00e4rkeimmist\u00e4 metalliyrityksist\u00e4 virolaisilla markkinoilla ja p\u00e4\u00e4st\u00e4 Skandinavian markkinoille. Aloittavana yrityksen\u00e4 olemme ty\u00f6ss\u00e4mme kilpailijoista oleellisesti joustavampia ja teemme usein ty\u00f6t nopeammin valmiiksi. Tarjoamme p\u00e4\u00e4asiallisesti kolmea metallin k\u00e4sittelyyn liittyv\u00e4\u00e4 palvelua: leimausta, hitsausta ja metallin taivutusta.<\/p>\n<\/div><\/section><\/div>\n<\/div><\/div><\/div><!-- close content main div --><\/div><\/div><div id='after_section_2'  class='main_color av_default_container_wrap container_wrap sidebar_right'  ><div class='container av-section-cont-open' ><div class='template-page content  av-content-small alpha units'><div class='post-entry post-entry-type-page post-entry-1464'><div class='entry-content-wrapper clearfix'><\/p>\n","protected":false},"excerpt":{"rendered":"","protected":false},"author":3,"featured_media":0,"parent":0,"menu_order":0,"comment_status":"closed","ping_status":"closed","template":"","meta":{"footnotes":""},"class_list":["post-1464","page","type-page","status-publish","hentry"],"yoast_head":"<!-- This site is optimized with the Yoast SEO plugin v27.1.1 - https:\/\/yoast.com\/product\/yoast-seo-wordpress\/ -->\n<title>Etusivu - Scandisteel O\u00dc<\/title>\n<meta name=\"robots\" content=\"index, follow, max-snippet:-1, max-image-preview:large, max-video-preview:-1\" \/>\n<link rel=\"canonical\" href=\"https:\/\/scandisteel.ee\/fi\/\" \/>\n<meta property=\"og:locale\" content=\"fi_FI\" \/>\n<meta property=\"og:type\" content=\"article\" \/>\n<meta property=\"og:title\" content=\"Etusivu - Scandisteel O\u00dc\" \/>\n<meta property=\"og:url\" content=\"https:\/\/scandisteel.ee\/fi\/\" \/>\n<meta property=\"og:site_name\" content=\"Scandisteel O\u00dc\" \/>\n<meta property=\"article:modified_time\" content=\"2019-12-17T09:39:22+00:00\" \/>\n<meta property=\"og:image\" content=\"https:\/\/scandisteel.ee\/wp-content\/uploads\/2019\/11\/Logo_White@2x.jpg\" \/>\n\t<meta property=\"og:image:width\" content=\"898\" \/>\n\t<meta property=\"og:image:height\" content=\"324\" \/>\n\t<meta property=\"og:image:type\" content=\"image\/jpeg\" \/>\n<meta name=\"twitter:card\" content=\"summary_large_image\" \/>\n<meta name=\"twitter:label1\" content=\"Arvioitu lukuaika\" \/>\n\t<meta name=\"twitter:data1\" content=\"8 minuuttia\" \/>\n<script type=\"application\/ld+json\" class=\"yoast-schema-graph\">{\"@context\":\"https:\/\/schema.org\",\"@graph\":[{\"@type\":\"WebPage\",\"@id\":\"https:\/\/scandisteel.ee\/fi\/\",\"url\":\"https:\/\/scandisteel.ee\/fi\/\",\"name\":\"Etusivu - Scandisteel O\u00dc\",\"isPartOf\":{\"@id\":\"https:\/\/scandisteel.ee\/fi\/#website\"},\"datePublished\":\"2019-12-17T09:12:16+00:00\",\"dateModified\":\"2019-12-17T09:39:22+00:00\",\"breadcrumb\":{\"@id\":\"https:\/\/scandisteel.ee\/fi\/#breadcrumb\"},\"inLanguage\":\"fi\",\"potentialAction\":[{\"@type\":\"ReadAction\",\"target\":[\"https:\/\/scandisteel.ee\/fi\/\"]}]},{\"@type\":\"BreadcrumbList\",\"@id\":\"https:\/\/scandisteel.ee\/fi\/#breadcrumb\",\"itemListElement\":[{\"@type\":\"ListItem\",\"position\":1,\"name\":\"Home\",\"item\":\"https:\/\/scandisteel.ee\/fi\/\"},{\"@type\":\"ListItem\",\"position\":2,\"name\":\"Etusivu\"}]},{\"@type\":\"WebSite\",\"@id\":\"https:\/\/scandisteel.ee\/fi\/#website\",\"url\":\"https:\/\/scandisteel.ee\/fi\/\",\"name\":\"Scandisteel O\u00dc\",\"description\":\"\",\"publisher\":{\"@id\":\"https:\/\/scandisteel.ee\/fi\/#organization\"},\"potentialAction\":[{\"@type\":\"SearchAction\",\"target\":{\"@type\":\"EntryPoint\",\"urlTemplate\":\"https:\/\/scandisteel.ee\/fi\/?s={search_term_string}\"},\"query-input\":{\"@type\":\"PropertyValueSpecification\",\"valueRequired\":true,\"valueName\":\"search_term_string\"}}],\"inLanguage\":\"fi\"},{\"@type\":\"Organization\",\"@id\":\"https:\/\/scandisteel.ee\/fi\/#organization\",\"name\":\"Scandisteel O\u00dc\",\"url\":\"https:\/\/scandisteel.ee\/fi\/\",\"logo\":{\"@type\":\"ImageObject\",\"inLanguage\":\"fi\",\"@id\":\"https:\/\/scandisteel.ee\/fi\/#\/schema\/logo\/image\/\",\"url\":\"https:\/\/scandisteel.ee\/wp-content\/uploads\/2019\/11\/Logo_White@2x.jpg\",\"contentUrl\":\"https:\/\/scandisteel.ee\/wp-content\/uploads\/2019\/11\/Logo_White@2x.jpg\",\"width\":898,\"height\":324,\"caption\":\"Scandisteel O\u00dc\"},\"image\":{\"@id\":\"https:\/\/scandisteel.ee\/fi\/#\/schema\/logo\/image\/\"}}]}<\/script>\n<!-- \/ Yoast SEO plugin. -->","yoast_head_json":{"title":"Etusivu - Scandisteel O\u00dc","robots":{"index":"index","follow":"follow","max-snippet":"max-snippet:-1","max-image-preview":"max-image-preview:large","max-video-preview":"max-video-preview:-1"},"canonical":"https:\/\/scandisteel.ee\/fi\/","og_locale":"fi_FI","og_type":"article","og_title":"Etusivu - Scandisteel O\u00dc","og_url":"https:\/\/scandisteel.ee\/fi\/","og_site_name":"Scandisteel O\u00dc","article_modified_time":"2019-12-17T09:39:22+00:00","og_image":[{"width":898,"height":324,"url":"https:\/\/scandisteel.ee\/wp-content\/uploads\/2019\/11\/Logo_White@2x.jpg","type":"image\/jpeg"}],"twitter_card":"summary_large_image","twitter_misc":{"Arvioitu lukuaika":"8 minuuttia"},"schema":{"@context":"https:\/\/schema.org","@graph":[{"@type":"WebPage","@id":"https:\/\/scandisteel.ee\/fi\/","url":"https:\/\/scandisteel.ee\/fi\/","name":"Etusivu - Scandisteel O\u00dc","isPartOf":{"@id":"https:\/\/scandisteel.ee\/fi\/#website"},"datePublished":"2019-12-17T09:12:16+00:00","dateModified":"2019-12-17T09:39:22+00:00","breadcrumb":{"@id":"https:\/\/scandisteel.ee\/fi\/#breadcrumb"},"inLanguage":"fi","potentialAction":[{"@type":"ReadAction","target":["https:\/\/scandisteel.ee\/fi\/"]}]},{"@type":"BreadcrumbList","@id":"https:\/\/scandisteel.ee\/fi\/#breadcrumb","itemListElement":[{"@type":"ListItem","position":1,"name":"Home","item":"https:\/\/scandisteel.ee\/fi\/"},{"@type":"ListItem","position":2,"name":"Etusivu"}]},{"@type":"WebSite","@id":"https:\/\/scandisteel.ee\/fi\/#website","url":"https:\/\/scandisteel.ee\/fi\/","name":"Scandisteel O\u00dc","description":"","publisher":{"@id":"https:\/\/scandisteel.ee\/fi\/#organization"},"potentialAction":[{"@type":"SearchAction","target":{"@type":"EntryPoint","urlTemplate":"https:\/\/scandisteel.ee\/fi\/?s={search_term_string}"},"query-input":{"@type":"PropertyValueSpecification","valueRequired":true,"valueName":"search_term_string"}}],"inLanguage":"fi"},{"@type":"Organization","@id":"https:\/\/scandisteel.ee\/fi\/#organization","name":"Scandisteel O\u00dc","url":"https:\/\/scandisteel.ee\/fi\/","logo":{"@type":"ImageObject","inLanguage":"fi","@id":"https:\/\/scandisteel.ee\/fi\/#\/schema\/logo\/image\/","url":"https:\/\/scandisteel.ee\/wp-content\/uploads\/2019\/11\/Logo_White@2x.jpg","contentUrl":"https:\/\/scandisteel.ee\/wp-content\/uploads\/2019\/11\/Logo_White@2x.jpg","width":898,"height":324,"caption":"Scandisteel O\u00dc"},"image":{"@id":"https:\/\/scandisteel.ee\/fi\/#\/schema\/logo\/image\/"}}]}},"_links":{"self":[{"href":"https:\/\/scandisteel.ee\/fi\/wp-json\/wp\/v2\/pages\/1464","targetHints":{"allow":["GET"]}}],"collection":[{"href":"https:\/\/scandisteel.ee\/fi\/wp-json\/wp\/v2\/pages"}],"about":[{"href":"https:\/\/scandisteel.ee\/fi\/wp-json\/wp\/v2\/types\/page"}],"author":[{"embeddable":true,"href":"https:\/\/scandisteel.ee\/fi\/wp-json\/wp\/v2\/users\/3"}],"replies":[{"embeddable":true,"href":"https:\/\/scandisteel.ee\/fi\/wp-json\/wp\/v2\/comments?post=1464"}],"version-history":[{"count":0,"href":"https:\/\/scandisteel.ee\/fi\/wp-json\/wp\/v2\/pages\/1464\/revisions"}],"wp:attachment":[{"href":"https:\/\/scandisteel.ee\/fi\/wp-json\/wp\/v2\/media?parent=1464"}],"curies":[{"name":"wp","href":"https:\/\/api.w.org\/{rel}","templated":true}]}}