{"id":1581,"date":"2019-12-17T09:26:37","date_gmt":"2019-12-17T09:26:37","guid":{"rendered":"https:\/\/scandisteel.ee\/stansning\/"},"modified":"2019-12-17T09:26:38","modified_gmt":"2019-12-17T09:26:38","slug":"stansning","status":"publish","type":"page","link":"https:\/\/scandisteel.ee\/sv\/stansning\/","title":{"rendered":"Stansning"},"content":{"rendered":"<div id='av-layout-grid-1'  class='av-layout-grid-container av-7nloit-e72050b3d3ff953846ab6646d65aebad entry-content-wrapper main_color av-flex-cells  avia-builder-el-0  el_before_av_section  avia-builder-el-first   container_wrap sidebar_right'  >\n\n<style type=\"text\/css\" data-created_by=\"avia_inline_auto\" id=\"style-css-av-7iksy5-315d182c29ead5bfa40f7d05144367ee\">\n.flex_cell.av-7iksy5-315d182c29ead5bfa40f7d05144367ee{\nvertical-align:middle;\nheight:500px;\nmin-height:500px;\nbackground:url(https:\/\/scandisteel.ee\/wp-content\/uploads\/2019\/11\/shutterstock_1469010950.jpg) 0% 0% no-repeat scroll ;\n}\n.responsive #top #wrap_all .flex_cell.av-7iksy5-315d182c29ead5bfa40f7d05144367ee{\npadding:0px 0px 0px 0px !important;\n}\n<\/style>\n<div class='flex_cell av-7iksy5-315d182c29ead5bfa40f7d05144367ee av-gridrow-cell av_one_half no_margin  avia-builder-el-1  el_before_av_cell_one_half  avia-builder-el-first  av-zero-padding avia-full-stretch' ><div class='flex_cell_inner'><\/div><\/div>\n<style type=\"text\/css\" data-created_by=\"avia_inline_auto\" id=\"style-css-av-7eaf2t-f5631ea534814e509c04446a520d4929\">\n.flex_cell.av-7eaf2t-f5631ea534814e509c04446a520d4929{\nvertical-align:middle;\nheight:500px;\nmin-height:500px;\nbackground-color:#1f2823;\n}\n.responsive #top #wrap_all .flex_cell.av-7eaf2t-f5631ea534814e509c04446a520d4929{\npadding:80px 80px 80px 80px !important;\n}\n<\/style>\n<div class='flex_cell av-7eaf2t-f5631ea534814e509c04446a520d4929 av-gridrow-cell av_one_half no_margin  avia-builder-el-2  el_after_av_cell_one_half  avia-builder-el-last ' ><div class='flex_cell_inner'><p>\n<style type=\"text\/css\" data-created_by=\"avia_inline_auto\" id=\"style-css-av-6ptzh-82443b2861aacb34807e576d6c740d50\">\n#top .av-special-heading.av-6ptzh-82443b2861aacb34807e576d6c740d50{\npadding-bottom:25px;\ncolor:#ffffff;\nfont-size:34px;\n}\nbody .av-special-heading.av-6ptzh-82443b2861aacb34807e576d6c740d50 .av-special-heading-tag .heading-char{\nfont-size:25px;\n}\n#top #wrap_all .av-special-heading.av-6ptzh-82443b2861aacb34807e576d6c740d50 .av-special-heading-tag{\nfont-size:34px;\n}\n.av-special-heading.av-6ptzh-82443b2861aacb34807e576d6c740d50 .special-heading-inner-border{\nborder-color:#ffffff;\n}\n.av-special-heading.av-6ptzh-82443b2861aacb34807e576d6c740d50 .av-subheading{\nfont-size:15px;\n}\n\n@media only screen and (min-width: 480px) and (max-width: 767px){ \n#top #wrap_all .av-special-heading.av-6ptzh-82443b2861aacb34807e576d6c740d50 .av-special-heading-tag{\nfont-size:0.8em;\n}\n}\n\n@media only screen and (max-width: 479px){ \n#top #wrap_all .av-special-heading.av-6ptzh-82443b2861aacb34807e576d6c740d50 .av-special-heading-tag{\nfont-size:0.8em;\n}\n}\n<\/style>\n<div  class='av-special-heading av-6ptzh-82443b2861aacb34807e576d6c740d50 av-special-heading-h3 custom-color-heading blockquote modern-quote  avia-builder-el-3  el_before_av_textblock  avia-builder-el-first  av-inherit-size'><h3 class='av-special-heading-tag'  itemprop=\"headline\"  >Stansning<\/h3><div class=\"special-heading-border\"><div class=\"special-heading-inner-border\"><\/div><\/div><\/div><br \/>\n\n<style type=\"text\/css\" data-created_by=\"avia_inline_auto\" id=\"style-css-av-72sk5p-2e87d2c89d4e33c3404ef708db36efba\">\n#top .av_textblock_section.av-72sk5p-2e87d2c89d4e33c3404ef708db36efba .avia_textblock{\ncolor:#ffffff;\n}\n<\/style>\n<section  class='av_textblock_section av-72sk5p-2e87d2c89d4e33c3404ef708db36efba'  itemscope=\"itemscope\" itemtype=\"https:\/\/schema.org\/CreativeWork\" ><div class='avia_textblock av_inherit_color'  itemprop=\"text\" ><p>Stansning eller av bladmetall tillverkade detaljers perforering utf\u00f6r en av oss tillhandah\u00e5llna tre huvudsakliga tj\u00e4nsterna.  Vi utf\u00f6r stansningsarbeten f\u00f6rst och fr\u00e4mst \u00e5t st\u00f6rre f\u00f6retag, med vi g\u00f6r ocks\u00e5 mindre arbeten. Vi tycker om nya utmaningar och d\u00e4rf\u00f6r \u00e4r vi intresserade av att ta emot ocks\u00e5 mycket komplicerade och speciella arbetsuppdrag.<\/p>\n<\/div><\/section><\/p>\n<\/div><\/div><\/div><div id='av_section_1'  class='avia-section av-l1jkl-ad8ba6e9d84059b7fca58f87e99ee230 main_color avia-section-default avia-no-border-styling  avia-builder-el-5  el_after_av_layout_row  el_before_av_section  avia-bg-style-scroll container_wrap sidebar_right'  ><div class='container av-section-cont-open' ><div class='template-page content  av-content-small alpha units'><div class='post-entry post-entry-type-page post-entry-1581'><div class='entry-content-wrapper clearfix'>\n<div class='flex_column_table av-1oodp-183950115c8533735286155e65a9744c sc-av_one_half av-equal-height-column-flextable'>\n<style type=\"text\/css\" data-created_by=\"avia_inline_auto\" id=\"style-css-av-1oodp-183950115c8533735286155e65a9744c\">\n.flex_column.av-1oodp-183950115c8533735286155e65a9744c{\n-webkit-border-radius:0px 0px 0px 0px;\n-moz-border-radius:0px 0px 0px 0px;\nborder-radius:0px 0px 0px 0px;\npadding:0px 0px 0px 0px;\n}\n<\/style>\n<div class='flex_column av-1oodp-183950115c8533735286155e65a9744c av_one_half  avia-builder-el-6  el_before_av_one_half  avia-builder-el-first  first flex_column_table_cell av-equal-height-column av-align-middle av-zero-column-padding '     ><section  class='av_textblock_section av-1x0hbp-a1e2499fe8f745c77372e83d9c58a06a'  itemscope=\"itemscope\" itemtype=\"https:\/\/schema.org\/CreativeWork\" ><div class='avia_textblock'  itemprop=\"text\" ><p>F\u00f6r stansning anv\u00e4nder vi FINNPOWER SG6 (Shear Genius) medf\u00f6ljande tekniska data: <\/p>\n<ul>\n<li>Bladets maximala bredden 1 500 mm<\/li>\n<li>Bladets maximala l\u00e4ngd 10 000 mm<\/li>\n<li>Maximala tjockleken 6 mm<\/li>\n<li>Integrerat sk\u00e4rverktyg <\/li>\n<li>Integrerade lastning- och stapelsystem <\/li>\n<\/ul>\n<p>Vi bearbetar f\u00f6ljande material: j\u00e4rnhaltiga metaller, f\u00f6rzinkat st\u00e5l, rostfritt st\u00e5l, aluminium, koppar, monolitisk polykarbonat och kompositmaterial. <\/p>\n<p>V\u00e5ra kunder \u00e4r huvudsakligen producenter av elektronik, lagringsysten och metalld\u00f6rrar, men ocks\u00e5 byggf\u00f6retag.<\/p>\n<\/div><\/section><\/div><div class='av-flex-placeholder'><\/div>\n<style type=\"text\/css\" data-created_by=\"avia_inline_auto\" id=\"style-css-av-9hxdp-514e3f502dd32147314eed88c2c38066\">\n.flex_column.av-9hxdp-514e3f502dd32147314eed88c2c38066{\n-webkit-border-radius:0px 0px 0px 0px;\n-moz-border-radius:0px 0px 0px 0px;\nborder-radius:0px 0px 0px 0px;\npadding:0px 0px 0px 0px;\n}\n<\/style>\n<div class='flex_column av-9hxdp-514e3f502dd32147314eed88c2c38066 av_one_half  avia-builder-el-8  el_after_av_one_half  avia-builder-el-last  flex_column_table_cell av-equal-height-column av-align-middle av-zero-column-padding '     ><style type=\"text\/css\" data-created_by=\"avia_inline_auto\" id=\"style-css-av-k2zvngls-cac30bc20292458846e435b5a82b2730\">\n.avia-image-container.av-k2zvngls-cac30bc20292458846e435b5a82b2730 img.avia_image{\nbox-shadow:none;\n}\n.avia-image-container.av-k2zvngls-cac30bc20292458846e435b5a82b2730 .av-image-caption-overlay-center{\ncolor:#ffffff;\n}\n<\/style>\n<div  class='avia-image-container av-k2zvngls-cac30bc20292458846e435b5a82b2730 av-styling- avia-align-center  avia-builder-el-9  avia-builder-el-no-sibling '   itemprop=\"image\" itemscope=\"itemscope\" itemtype=\"https:\/\/schema.org\/ImageObject\" ><div class=\"avia-image-container-inner\"><div class=\"avia-image-overlay-wrap\"><img decoding=\"async\" class='wp-image-1113 avia-img-lazy-loading-not-1113 avia_image ' src=\"https:\/\/scandisteel.ee\/wp-content\/uploads\/2019\/11\/shutterstock_725126821.jpg\" alt='' title='shutterstock_725126821'  height=\"785\" width=\"980\"  itemprop=\"thumbnailUrl\" srcset=\"https:\/\/scandisteel.ee\/wp-content\/uploads\/2019\/11\/shutterstock_725126821.jpg 980w, https:\/\/scandisteel.ee\/wp-content\/uploads\/2019\/11\/shutterstock_725126821-300x240.jpg 300w, https:\/\/scandisteel.ee\/wp-content\/uploads\/2019\/11\/shutterstock_725126821-768x615.jpg 768w, https:\/\/scandisteel.ee\/wp-content\/uploads\/2019\/11\/shutterstock_725126821-705x565.jpg 705w, https:\/\/scandisteel.ee\/wp-content\/uploads\/2019\/11\/shutterstock_725126821-20x16.jpg 20w\" sizes=\"(max-width: 980px) 100vw, 980px\" \/><\/div><\/div><\/div><\/div><\/div><!--close column table wrapper. Autoclose: 1 --><\/div><\/div><\/div><!-- close content main div --><\/div><\/div><div id='av_section_2'  class='avia-section av-13zn4l-f9b8123049f6f764ba63e0922f358e7c main_color avia-section-default avia-no-border-styling  avia-builder-el-10  el_after_av_section  avia-builder-el-last  avia-bg-style-scroll container_wrap sidebar_right'  ><div class='container av-section-cont-open' ><div class='template-page content  av-content-small alpha units'><div class='post-entry post-entry-type-page post-entry-1581'><div class='entry-content-wrapper clearfix'>\n<section  class='av_textblock_section av-k2zw11mg-202edbc96ef79a769bb66a2ba928def9'  itemscope=\"itemscope\" itemtype=\"https:\/\/schema.org\/CreativeWork\" ><div class='avia_textblock'  itemprop=\"text\" ><h2>UTF\u00d6RDA ARBETEN <\/h2>\n<\/div><\/section>\n\n<style type=\"text\/css\" data-created_by=\"avia_inline_auto\" id=\"style-css-av-k2zw201k-1e21d6b7ca1ea82316edeef6999369ff\">\n#top .hr.hr-invisible.av-k2zw201k-1e21d6b7ca1ea82316edeef6999369ff{\nheight:10px;\n}\n<\/style>\n<div  class='hr av-k2zw201k-1e21d6b7ca1ea82316edeef6999369ff hr-invisible  avia-builder-el-12  el_after_av_textblock  el_before_av_slideshow_accordion  avia-builder-el-last '><span class='hr-inner '><span class=\"hr-inner-style\"><\/span><\/span><\/div>\n\n<style type=\"text\/css\" data-created_by=\"avia_inline_auto\" id=\"style-css-av-k2zvym2z-7b71d72c9130564f40d74150e4870eef\">\n.avia-accordion.av-k2zvym2z-7b71d72c9130564f40d74150e4870eef{\nmax-height:684px;\n}\n.avia-accordion.av-k2zvym2z-7b71d72c9130564f40d74150e4870eef .aviaccordion-preview{\nwidth:20.1%;\n}\n.avia-accordion .aviaccordion-slide.av-k2zvym2z-7b71d72c9130564f40d74150e4870eef__0{\nleft:0%;\n}\n.avia-accordion .aviaccordion-slide.av-k2zvym2z-7b71d72c9130564f40d74150e4870eef__1{\nleft:20%;\n}\n.avia-accordion .aviaccordion-slide.av-k2zvym2z-7b71d72c9130564f40d74150e4870eef__2{\nleft:40%;\n}\n.avia-accordion .aviaccordion-slide.av-k2zvym2z-7b71d72c9130564f40d74150e4870eef__3{\nleft:60%;\n}\n.avia-accordion .aviaccordion-slide.av-k2zvym2z-7b71d72c9130564f40d74150e4870eef__4{\nleft:80%;\n}\n<\/style>\n<div  id=\"accordion_slider_1\"  class='aviaccordion avia-accordion av-k2zvym2z-7b71d72c9130564f40d74150e4870eef aviaccordion-title-active av-slideshow-manual av-loop-once ' data-slideshow-options=\"{&quot;interval&quot;:5,&quot;autoplay&quot;:false,&quot;loop_autoplay&quot;:&quot;once&quot;}\"  itemscope=\"itemscope\" itemtype=\"https:\/\/schema.org\/Blog\" ><ul class=\"aviaccordion-inner\"><li class='aviaccordion-slide av-k2zvym2z-7b71d72c9130564f40d74150e4870eef__0 aviaccordion-slide-1' data-av-left='0'  itemscope=\"itemscope\" itemtype=\"https:\/\/schema.org\/CreativeWork\" ><a class='aviaccordion-slide-link noHover' href=\"https:\/\/scandisteel.ee\/wp-content\/uploads\/2019\/11\/shutterstock_1507319432.jpg\" data-srcset=\"https:\/\/scandisteel.ee\/wp-content\/uploads\/2019\/11\/shutterstock_1507319432.jpg 980w, https:\/\/scandisteel.ee\/wp-content\/uploads\/2019\/11\/shutterstock_1507319432-300x200.jpg 300w, https:\/\/scandisteel.ee\/wp-content\/uploads\/2019\/11\/shutterstock_1507319432-768x513.jpg 768w, https:\/\/scandisteel.ee\/wp-content\/uploads\/2019\/11\/shutterstock_1507319432-705x470.jpg 705w, https:\/\/scandisteel.ee\/wp-content\/uploads\/2019\/11\/shutterstock_1507319432-20x13.jpg 20w\" data-sizes=\"(max-width: 980px) 100vw, 980px\"  title=\"shutterstock_1507319432\" ><div class='aviaccordion-preview '><\/div><img loading=\"lazy\" decoding=\"async\" width=\"845\" height=\"654\" src=\"https:\/\/scandisteel.ee\/wp-content\/uploads\/2019\/11\/shutterstock_1507319432-845x654.jpg\" class=\"aviaccordion-image\" alt=\"\" \/><\/a><\/li><li class='aviaccordion-slide av-k2zvym2z-7b71d72c9130564f40d74150e4870eef__1 aviaccordion-slide-2' data-av-left='20'  itemscope=\"itemscope\" itemtype=\"https:\/\/schema.org\/CreativeWork\" ><a class='aviaccordion-slide-link noHover' href=\"https:\/\/scandisteel.ee\/wp-content\/uploads\/2019\/11\/shutterstock_369261524.jpg\" data-srcset=\"https:\/\/scandisteel.ee\/wp-content\/uploads\/2019\/11\/shutterstock_369261524.jpg 980w, https:\/\/scandisteel.ee\/wp-content\/uploads\/2019\/11\/shutterstock_369261524-300x199.jpg 300w, https:\/\/scandisteel.ee\/wp-content\/uploads\/2019\/11\/shutterstock_369261524-768x510.jpg 768w, https:\/\/scandisteel.ee\/wp-content\/uploads\/2019\/11\/shutterstock_369261524-705x468.jpg 705w, https:\/\/scandisteel.ee\/wp-content\/uploads\/2019\/11\/shutterstock_369261524-20x13.jpg 20w\" data-sizes=\"(max-width: 980px) 100vw, 980px\"  title=\"shutterstock_369261524\" ><div class='aviaccordion-preview '><\/div><img loading=\"lazy\" decoding=\"async\" width=\"845\" height=\"651\" src=\"https:\/\/scandisteel.ee\/wp-content\/uploads\/2019\/11\/shutterstock_369261524-845x651.jpg\" class=\"aviaccordion-image\" alt=\"\" \/><\/a><\/li><li class='aviaccordion-slide av-k2zvym2z-7b71d72c9130564f40d74150e4870eef__2 aviaccordion-slide-3' data-av-left='40'  itemscope=\"itemscope\" itemtype=\"https:\/\/schema.org\/CreativeWork\" ><a class='aviaccordion-slide-link noHover' href=\"https:\/\/scandisteel.ee\/wp-content\/uploads\/2019\/11\/shutterstock_232675477.jpg\" data-srcset=\"https:\/\/scandisteel.ee\/wp-content\/uploads\/2019\/11\/shutterstock_232675477.jpg 980w, https:\/\/scandisteel.ee\/wp-content\/uploads\/2019\/11\/shutterstock_232675477-300x200.jpg 300w, https:\/\/scandisteel.ee\/wp-content\/uploads\/2019\/11\/shutterstock_232675477-768x513.jpg 768w, https:\/\/scandisteel.ee\/wp-content\/uploads\/2019\/11\/shutterstock_232675477-705x470.jpg 705w, https:\/\/scandisteel.ee\/wp-content\/uploads\/2019\/11\/shutterstock_232675477-20x13.jpg 20w\" data-sizes=\"(max-width: 980px) 100vw, 980px\"  title=\"shutterstock_232675477\" ><div class='aviaccordion-preview '><\/div><img loading=\"lazy\" decoding=\"async\" width=\"845\" height=\"654\" src=\"https:\/\/scandisteel.ee\/wp-content\/uploads\/2019\/11\/shutterstock_232675477-845x654.jpg\" class=\"aviaccordion-image\" alt=\"\" \/><\/a><\/li><li class='aviaccordion-slide av-k2zvym2z-7b71d72c9130564f40d74150e4870eef__3 aviaccordion-slide-4' data-av-left='60'  itemscope=\"itemscope\" itemtype=\"https:\/\/schema.org\/CreativeWork\" ><a class='aviaccordion-slide-link noHover' href=\"https:\/\/scandisteel.ee\/wp-content\/uploads\/2019\/11\/shutterstock_526790185.jpg\" data-srcset=\"https:\/\/scandisteel.ee\/wp-content\/uploads\/2019\/11\/shutterstock_526790185.jpg 980w, https:\/\/scandisteel.ee\/wp-content\/uploads\/2019\/11\/shutterstock_526790185-300x200.jpg 300w, https:\/\/scandisteel.ee\/wp-content\/uploads\/2019\/11\/shutterstock_526790185-768x512.jpg 768w, https:\/\/scandisteel.ee\/wp-content\/uploads\/2019\/11\/shutterstock_526790185-705x470.jpg 705w, https:\/\/scandisteel.ee\/wp-content\/uploads\/2019\/11\/shutterstock_526790185-20x13.jpg 20w\" data-sizes=\"(max-width: 980px) 100vw, 980px\"  title=\"shutterstock_526790185\" ><div class='aviaccordion-preview '><\/div><img loading=\"lazy\" decoding=\"async\" width=\"845\" height=\"653\" src=\"https:\/\/scandisteel.ee\/wp-content\/uploads\/2019\/11\/shutterstock_526790185-845x653.jpg\" class=\"aviaccordion-image\" alt=\"\" \/><\/a><\/li><li class='aviaccordion-slide av-k2zvym2z-7b71d72c9130564f40d74150e4870eef__4 aviaccordion-slide-5' data-av-left='80'  itemscope=\"itemscope\" itemtype=\"https:\/\/schema.org\/CreativeWork\" ><a class='aviaccordion-slide-link noHover' href=\"https:\/\/scandisteel.ee\/wp-content\/uploads\/2019\/11\/shutterstock_528719881.jpg\" data-srcset=\"https:\/\/scandisteel.ee\/wp-content\/uploads\/2019\/11\/shutterstock_528719881.jpg 980w, https:\/\/scandisteel.ee\/wp-content\/uploads\/2019\/11\/shutterstock_528719881-300x200.jpg 300w, https:\/\/scandisteel.ee\/wp-content\/uploads\/2019\/11\/shutterstock_528719881-768x512.jpg 768w, https:\/\/scandisteel.ee\/wp-content\/uploads\/2019\/11\/shutterstock_528719881-705x470.jpg 705w, https:\/\/scandisteel.ee\/wp-content\/uploads\/2019\/11\/shutterstock_528719881-20x13.jpg 20w\" data-sizes=\"(max-width: 980px) 100vw, 980px\"  title=\"shutterstock_528719881\" ><div class='aviaccordion-preview '><\/div><img loading=\"lazy\" decoding=\"async\" width=\"845\" height=\"653\" src=\"https:\/\/scandisteel.ee\/wp-content\/uploads\/2019\/11\/shutterstock_528719881-845x653.jpg\" class=\"aviaccordion-image\" alt=\"\" \/><\/a><\/li><\/ul><div class='aviaccordion-spacer' style='padding-bottom:80.94674556213%'><\/div><\/div>\n<\/div><\/div><\/div><!-- close content main div --><\/div><\/div><div id='after_section_2'  class='main_color av_default_container_wrap container_wrap sidebar_right'  ><div class='container av-section-cont-open' ><div class='template-page content  av-content-small alpha units'><div class='post-entry post-entry-type-page post-entry-1581'><div class='entry-content-wrapper clearfix'><\/p>\n","protected":false},"excerpt":{"rendered":"","protected":false},"author":3,"featured_media":0,"parent":0,"menu_order":0,"comment_status":"closed","ping_status":"closed","template":"","meta":{"footnotes":""},"class_list":["post-1581","page","type-page","status-publish","hentry"],"yoast_head":"<!-- This site is optimized with the Yoast SEO plugin v27.1.1 - https:\/\/yoast.com\/product\/yoast-seo-wordpress\/ -->\n<title>Stansning - Scandisteel O\u00dc<\/title>\n<meta name=\"robots\" content=\"index, follow, max-snippet:-1, max-image-preview:large, max-video-preview:-1\" \/>\n<link rel=\"canonical\" href=\"https:\/\/scandisteel.ee\/sv\/stansning\/\" \/>\n<meta property=\"og:locale\" content=\"sv_SE\" \/>\n<meta property=\"og:type\" content=\"article\" \/>\n<meta property=\"og:title\" content=\"Stansning - Scandisteel O\u00dc\" \/>\n<meta property=\"og:url\" content=\"https:\/\/scandisteel.ee\/sv\/stansning\/\" \/>\n<meta property=\"og:site_name\" content=\"Scandisteel O\u00dc\" \/>\n<meta property=\"article:modified_time\" content=\"2019-12-17T09:26:38+00:00\" \/>\n<meta property=\"og:image\" content=\"https:\/\/scandisteel.ee\/wp-content\/uploads\/2019\/11\/Logo_White@2x.jpg\" \/>\n\t<meta property=\"og:image:width\" content=\"898\" \/>\n\t<meta property=\"og:image:height\" content=\"324\" \/>\n\t<meta property=\"og:image:type\" content=\"image\/jpeg\" \/>\n<meta name=\"twitter:card\" content=\"summary_large_image\" \/>\n<meta name=\"twitter:label1\" content=\"Ber\u00e4knad l\u00e4stid\" \/>\n\t<meta name=\"twitter:data1\" content=\"6 minuter\" \/>\n<script type=\"application\/ld+json\" class=\"yoast-schema-graph\">{\"@context\":\"https:\/\/schema.org\",\"@graph\":[{\"@type\":\"WebPage\",\"@id\":\"https:\/\/scandisteel.ee\/sv\/stansning\/\",\"url\":\"https:\/\/scandisteel.ee\/sv\/stansning\/\",\"name\":\"Stansning - Scandisteel O\u00dc\",\"isPartOf\":{\"@id\":\"https:\/\/scandisteel.ee\/sv\/#website\"},\"datePublished\":\"2019-12-17T09:26:37+00:00\",\"dateModified\":\"2019-12-17T09:26:38+00:00\",\"breadcrumb\":{\"@id\":\"https:\/\/scandisteel.ee\/sv\/stansning\/#breadcrumb\"},\"inLanguage\":\"sv-SE\",\"potentialAction\":[{\"@type\":\"ReadAction\",\"target\":[\"https:\/\/scandisteel.ee\/sv\/stansning\/\"]}]},{\"@type\":\"BreadcrumbList\",\"@id\":\"https:\/\/scandisteel.ee\/sv\/stansning\/#breadcrumb\",\"itemListElement\":[{\"@type\":\"ListItem\",\"position\":1,\"name\":\"Home\",\"item\":\"https:\/\/scandisteel.ee\/sv\/\"},{\"@type\":\"ListItem\",\"position\":2,\"name\":\"Stansning\"}]},{\"@type\":\"WebSite\",\"@id\":\"https:\/\/scandisteel.ee\/sv\/#website\",\"url\":\"https:\/\/scandisteel.ee\/sv\/\",\"name\":\"Scandisteel O\u00dc\",\"description\":\"\",\"publisher\":{\"@id\":\"https:\/\/scandisteel.ee\/sv\/#organization\"},\"potentialAction\":[{\"@type\":\"SearchAction\",\"target\":{\"@type\":\"EntryPoint\",\"urlTemplate\":\"https:\/\/scandisteel.ee\/sv\/?s={search_term_string}\"},\"query-input\":{\"@type\":\"PropertyValueSpecification\",\"valueRequired\":true,\"valueName\":\"search_term_string\"}}],\"inLanguage\":\"sv-SE\"},{\"@type\":\"Organization\",\"@id\":\"https:\/\/scandisteel.ee\/sv\/#organization\",\"name\":\"Scandisteel O\u00dc\",\"url\":\"https:\/\/scandisteel.ee\/sv\/\",\"logo\":{\"@type\":\"ImageObject\",\"inLanguage\":\"sv-SE\",\"@id\":\"https:\/\/scandisteel.ee\/sv\/#\/schema\/logo\/image\/\",\"url\":\"https:\/\/scandisteel.ee\/wp-content\/uploads\/2019\/11\/Logo_White@2x.jpg\",\"contentUrl\":\"https:\/\/scandisteel.ee\/wp-content\/uploads\/2019\/11\/Logo_White@2x.jpg\",\"width\":898,\"height\":324,\"caption\":\"Scandisteel O\u00dc\"},\"image\":{\"@id\":\"https:\/\/scandisteel.ee\/sv\/#\/schema\/logo\/image\/\"}}]}<\/script>\n<!-- \/ Yoast SEO plugin. -->","yoast_head_json":{"title":"Stansning - Scandisteel O\u00dc","robots":{"index":"index","follow":"follow","max-snippet":"max-snippet:-1","max-image-preview":"max-image-preview:large","max-video-preview":"max-video-preview:-1"},"canonical":"https:\/\/scandisteel.ee\/sv\/stansning\/","og_locale":"sv_SE","og_type":"article","og_title":"Stansning - Scandisteel O\u00dc","og_url":"https:\/\/scandisteel.ee\/sv\/stansning\/","og_site_name":"Scandisteel O\u00dc","article_modified_time":"2019-12-17T09:26:38+00:00","og_image":[{"width":898,"height":324,"url":"https:\/\/scandisteel.ee\/wp-content\/uploads\/2019\/11\/Logo_White@2x.jpg","type":"image\/jpeg"}],"twitter_card":"summary_large_image","twitter_misc":{"Ber\u00e4knad l\u00e4stid":"6 minuter"},"schema":{"@context":"https:\/\/schema.org","@graph":[{"@type":"WebPage","@id":"https:\/\/scandisteel.ee\/sv\/stansning\/","url":"https:\/\/scandisteel.ee\/sv\/stansning\/","name":"Stansning - Scandisteel O\u00dc","isPartOf":{"@id":"https:\/\/scandisteel.ee\/sv\/#website"},"datePublished":"2019-12-17T09:26:37+00:00","dateModified":"2019-12-17T09:26:38+00:00","breadcrumb":{"@id":"https:\/\/scandisteel.ee\/sv\/stansning\/#breadcrumb"},"inLanguage":"sv-SE","potentialAction":[{"@type":"ReadAction","target":["https:\/\/scandisteel.ee\/sv\/stansning\/"]}]},{"@type":"BreadcrumbList","@id":"https:\/\/scandisteel.ee\/sv\/stansning\/#breadcrumb","itemListElement":[{"@type":"ListItem","position":1,"name":"Home","item":"https:\/\/scandisteel.ee\/sv\/"},{"@type":"ListItem","position":2,"name":"Stansning"}]},{"@type":"WebSite","@id":"https:\/\/scandisteel.ee\/sv\/#website","url":"https:\/\/scandisteel.ee\/sv\/","name":"Scandisteel O\u00dc","description":"","publisher":{"@id":"https:\/\/scandisteel.ee\/sv\/#organization"},"potentialAction":[{"@type":"SearchAction","target":{"@type":"EntryPoint","urlTemplate":"https:\/\/scandisteel.ee\/sv\/?s={search_term_string}"},"query-input":{"@type":"PropertyValueSpecification","valueRequired":true,"valueName":"search_term_string"}}],"inLanguage":"sv-SE"},{"@type":"Organization","@id":"https:\/\/scandisteel.ee\/sv\/#organization","name":"Scandisteel O\u00dc","url":"https:\/\/scandisteel.ee\/sv\/","logo":{"@type":"ImageObject","inLanguage":"sv-SE","@id":"https:\/\/scandisteel.ee\/sv\/#\/schema\/logo\/image\/","url":"https:\/\/scandisteel.ee\/wp-content\/uploads\/2019\/11\/Logo_White@2x.jpg","contentUrl":"https:\/\/scandisteel.ee\/wp-content\/uploads\/2019\/11\/Logo_White@2x.jpg","width":898,"height":324,"caption":"Scandisteel O\u00dc"},"image":{"@id":"https:\/\/scandisteel.ee\/sv\/#\/schema\/logo\/image\/"}}]}},"_links":{"self":[{"href":"https:\/\/scandisteel.ee\/sv\/wp-json\/wp\/v2\/pages\/1581","targetHints":{"allow":["GET"]}}],"collection":[{"href":"https:\/\/scandisteel.ee\/sv\/wp-json\/wp\/v2\/pages"}],"about":[{"href":"https:\/\/scandisteel.ee\/sv\/wp-json\/wp\/v2\/types\/page"}],"author":[{"embeddable":true,"href":"https:\/\/scandisteel.ee\/sv\/wp-json\/wp\/v2\/users\/3"}],"replies":[{"embeddable":true,"href":"https:\/\/scandisteel.ee\/sv\/wp-json\/wp\/v2\/comments?post=1581"}],"version-history":[{"count":0,"href":"https:\/\/scandisteel.ee\/sv\/wp-json\/wp\/v2\/pages\/1581\/revisions"}],"wp:attachment":[{"href":"https:\/\/scandisteel.ee\/sv\/wp-json\/wp\/v2\/media?parent=1581"}],"curies":[{"name":"wp","href":"https:\/\/api.w.org\/{rel}","templated":true}]}}