{"id":1595,"date":"2019-12-17T09:29:08","date_gmt":"2019-12-17T09:29:08","guid":{"rendered":"https:\/\/scandisteel.ee\/svetsning\/"},"modified":"2019-12-17T09:29:08","modified_gmt":"2019-12-17T09:29:08","slug":"svetsning","status":"publish","type":"page","link":"https:\/\/scandisteel.ee\/sv\/svetsning\/","title":{"rendered":"Svetsning"},"content":{"rendered":"<div id='av-layout-grid-1'  class='av-layout-grid-container av-7nloit-e72050b3d3ff953846ab6646d65aebad entry-content-wrapper main_color av-flex-cells  avia-builder-el-0  el_before_av_section  avia-builder-el-first   container_wrap sidebar_right'  >\n\n<style type=\"text\/css\" data-created_by=\"avia_inline_auto\" id=\"style-css-av-7iksy5-9fc855c70575a85420336ba2fd2177af\">\n.flex_cell.av-7iksy5-9fc855c70575a85420336ba2fd2177af{\nvertical-align:middle;\nheight:500px;\nmin-height:500px;\nbackground:url(https:\/\/scandisteel.ee\/wp-content\/uploads\/2019\/11\/shutterstock_1095620258.jpg) 0% 0% no-repeat scroll ;\n}\n.responsive #top #wrap_all .flex_cell.av-7iksy5-9fc855c70575a85420336ba2fd2177af{\npadding:0px 0px 0px 0px !important;\n}\n<\/style>\n<div class='flex_cell av-7iksy5-9fc855c70575a85420336ba2fd2177af av-gridrow-cell av_one_half no_margin  avia-builder-el-1  el_before_av_cell_one_half  avia-builder-el-first  av-zero-padding avia-full-stretch' ><div class='flex_cell_inner'><\/div><\/div>\n<style type=\"text\/css\" data-created_by=\"avia_inline_auto\" id=\"style-css-av-7eaf2t-f5631ea534814e509c04446a520d4929\">\n.flex_cell.av-7eaf2t-f5631ea534814e509c04446a520d4929{\nvertical-align:middle;\nheight:500px;\nmin-height:500px;\nbackground-color:#1f2823;\n}\n.responsive #top #wrap_all .flex_cell.av-7eaf2t-f5631ea534814e509c04446a520d4929{\npadding:80px 80px 80px 80px !important;\n}\n<\/style>\n<div class='flex_cell av-7eaf2t-f5631ea534814e509c04446a520d4929 av-gridrow-cell av_one_half no_margin  avia-builder-el-2  el_after_av_cell_one_half  avia-builder-el-last ' ><div class='flex_cell_inner'><p>\n<style type=\"text\/css\" data-created_by=\"avia_inline_auto\" id=\"style-css-av-3a6khq-4148adfba7d273c9f4c57b1ae0ede6f5\">\n#top .av-special-heading.av-3a6khq-4148adfba7d273c9f4c57b1ae0ede6f5{\npadding-bottom:25px;\ncolor:#ffffff;\nfont-size:34px;\n}\nbody .av-special-heading.av-3a6khq-4148adfba7d273c9f4c57b1ae0ede6f5 .av-special-heading-tag .heading-char{\nfont-size:25px;\n}\n#top #wrap_all .av-special-heading.av-3a6khq-4148adfba7d273c9f4c57b1ae0ede6f5 .av-special-heading-tag{\nfont-size:34px;\n}\n.av-special-heading.av-3a6khq-4148adfba7d273c9f4c57b1ae0ede6f5 .special-heading-inner-border{\nborder-color:#ffffff;\n}\n.av-special-heading.av-3a6khq-4148adfba7d273c9f4c57b1ae0ede6f5 .av-subheading{\nfont-size:15px;\n}\n\n@media only screen and (min-width: 480px) and (max-width: 767px){ \n#top #wrap_all .av-special-heading.av-3a6khq-4148adfba7d273c9f4c57b1ae0ede6f5 .av-special-heading-tag{\nfont-size:0.8em;\n}\n}\n\n@media only screen and (max-width: 479px){ \n#top #wrap_all .av-special-heading.av-3a6khq-4148adfba7d273c9f4c57b1ae0ede6f5 .av-special-heading-tag{\nfont-size:0.8em;\n}\n}\n<\/style>\n<div  class='av-special-heading av-3a6khq-4148adfba7d273c9f4c57b1ae0ede6f5 av-special-heading-h3 custom-color-heading blockquote modern-quote  avia-builder-el-3  el_before_av_textblock  avia-builder-el-first  av-inherit-size'><h3 class='av-special-heading-tag'  itemprop=\"headline\"  >Svetsning<\/h3><div class=\"special-heading-border\"><div class=\"special-heading-inner-border\"><\/div><\/div><\/div><br \/>\n\n<style type=\"text\/css\" data-created_by=\"avia_inline_auto\" id=\"style-css-av-72sk5p-2e87d2c89d4e33c3404ef708db36efba\">\n#top .av_textblock_section.av-72sk5p-2e87d2c89d4e33c3404ef708db36efba .avia_textblock{\ncolor:#ffffff;\n}\n<\/style>\n<section  class='av_textblock_section av-72sk5p-2e87d2c89d4e33c3404ef708db36efba'  itemscope=\"itemscope\" itemtype=\"https:\/\/schema.org\/CreativeWork\" ><div class='avia_textblock av_inherit_color'  itemprop=\"text\" ><p>Vi utf\u00f6r st\u00f6rre och mindre industrielle svetsarbeten. F\u00f6rst och fr\u00e4mst \u00e4r det st\u00f6rre producentf\u00f6retag som v\u00e4nder sig till oss med sina uppdrag, men vi \u00e4r beredda att utf\u00f6ra ocks\u00e5 mindre arbeten. Vi arbetar med flera olika metaller och ju st\u00f6rre \u00e4r utmaningen desto h\u00f6gre \u00e4r v\u00e5r arbetsgl\u00e4dje med att kunna utf\u00f6ra uppdraget.<\/p>\n<\/div><\/section><\/p>\n<\/div><\/div><\/div><div id='av_section_1'  class='avia-section av-l1jkl-ad8ba6e9d84059b7fca58f87e99ee230 main_color avia-section-default avia-no-border-styling  avia-builder-el-5  el_after_av_layout_row  el_before_av_section  avia-bg-style-scroll container_wrap sidebar_right'  ><div class='container av-section-cont-open' ><div class='template-page content  av-content-small alpha units'><div class='post-entry post-entry-type-page post-entry-1595'><div class='entry-content-wrapper clearfix'>\n<div class='flex_column_table av-1oodp-183950115c8533735286155e65a9744c sc-av_one_half av-equal-height-column-flextable'>\n<style type=\"text\/css\" data-created_by=\"avia_inline_auto\" id=\"style-css-av-1oodp-183950115c8533735286155e65a9744c\">\n.flex_column.av-1oodp-183950115c8533735286155e65a9744c{\n-webkit-border-radius:0px 0px 0px 0px;\n-moz-border-radius:0px 0px 0px 0px;\nborder-radius:0px 0px 0px 0px;\npadding:0px 0px 0px 0px;\n}\n<\/style>\n<div class='flex_column av-1oodp-183950115c8533735286155e65a9744c av_one_half  avia-builder-el-6  el_before_av_one_half  avia-builder-el-first  first flex_column_table_cell av-equal-height-column av-align-middle av-zero-column-padding '     ><section  class='av_textblock_section av-1x0hbp-a1e2499fe8f745c77372e83d9c58a06a'  itemscope=\"itemscope\" itemtype=\"https:\/\/schema.org\/CreativeWork\" ><div class='avia_textblock'  itemprop=\"text\" ><p>Vi erbjuder f\u00f6ljande svetsarbeten: <\/p>\n<ul>\n<li>MIG\/MAG svetsning<\/li>\n<li>TIG svetsning.<\/li>\n<\/ul>\n<\/div><\/section><\/div><div class='av-flex-placeholder'><\/div>\n<style type=\"text\/css\" data-created_by=\"avia_inline_auto\" id=\"style-css-av-9hxdp-514e3f502dd32147314eed88c2c38066\">\n.flex_column.av-9hxdp-514e3f502dd32147314eed88c2c38066{\n-webkit-border-radius:0px 0px 0px 0px;\n-moz-border-radius:0px 0px 0px 0px;\nborder-radius:0px 0px 0px 0px;\npadding:0px 0px 0px 0px;\n}\n<\/style>\n<div class='flex_column av-9hxdp-514e3f502dd32147314eed88c2c38066 av_one_half  avia-builder-el-8  el_after_av_one_half  avia-builder-el-last  flex_column_table_cell av-equal-height-column av-align-middle av-zero-column-padding '     ><style type=\"text\/css\" data-created_by=\"avia_inline_auto\" id=\"style-css-av-k2zvngls-777fdb9b4bfd251de1bce1464922bd4e\">\n.avia-image-container.av-k2zvngls-777fdb9b4bfd251de1bce1464922bd4e img.avia_image{\nbox-shadow:none;\n}\n.avia-image-container.av-k2zvngls-777fdb9b4bfd251de1bce1464922bd4e .av-image-caption-overlay-center{\ncolor:#ffffff;\n}\n<\/style>\n<div  class='avia-image-container av-k2zvngls-777fdb9b4bfd251de1bce1464922bd4e av-styling- avia-align-center  avia-builder-el-9  avia-builder-el-no-sibling '   itemprop=\"image\" itemscope=\"itemscope\" itemtype=\"https:\/\/schema.org\/ImageObject\" ><div class=\"avia-image-container-inner\"><div class=\"avia-image-overlay-wrap\"><img decoding=\"async\" class='wp-image-1597 avia-img-lazy-loading-not-1597 avia_image ' src=\"https:\/\/scandisteel.ee\/wp-content\/uploads\/2019\/11\/shutterstock_450564319-1.jpg\" alt='' title='shutterstock_450564319 (1)'  height=\"653\" width=\"980\"  itemprop=\"thumbnailUrl\" srcset=\"https:\/\/scandisteel.ee\/wp-content\/uploads\/2019\/11\/shutterstock_450564319-1.jpg 980w, https:\/\/scandisteel.ee\/wp-content\/uploads\/2019\/11\/shutterstock_450564319-1-300x200.jpg 300w, https:\/\/scandisteel.ee\/wp-content\/uploads\/2019\/11\/shutterstock_450564319-1-768x512.jpg 768w, https:\/\/scandisteel.ee\/wp-content\/uploads\/2019\/11\/shutterstock_450564319-1-705x470.jpg 705w, https:\/\/scandisteel.ee\/wp-content\/uploads\/2019\/11\/shutterstock_450564319-1-20x13.jpg 20w\" sizes=\"(max-width: 980px) 100vw, 980px\" \/><\/div><\/div><\/div><\/div><\/div><!--close column table wrapper. Autoclose: 1 -->\n<\/p>\n<\/div><\/div><\/div><!-- close content main div --><\/div><\/div><div id='av_section_2'  class='avia-section av-bj9fxa-b35ef44577d3a3bb01a47e1eb7e6dbd1 main_color avia-section-default avia-no-border-styling  avia-builder-el-10  el_after_av_section  avia-builder-el-last  avia-bg-style-scroll container_wrap sidebar_right'  ><div class='container av-section-cont-open' ><div class='template-page content  av-content-small alpha units'><div class='post-entry post-entry-type-page post-entry-1595'><div class='entry-content-wrapper clearfix'>\n<section  class='av_textblock_section av-k2zw11mg-202edbc96ef79a769bb66a2ba928def9'  itemscope=\"itemscope\" itemtype=\"https:\/\/schema.org\/CreativeWork\" ><div class='avia_textblock'  itemprop=\"text\" ><h2>UTF\u00d6RDA ARBETEN <\/h2>\n<\/div><\/section>\n\n<style type=\"text\/css\" data-created_by=\"avia_inline_auto\" id=\"style-css-av-k2zw201k-1e21d6b7ca1ea82316edeef6999369ff\">\n#top .hr.hr-invisible.av-k2zw201k-1e21d6b7ca1ea82316edeef6999369ff{\nheight:10px;\n}\n<\/style>\n<div  class='hr av-k2zw201k-1e21d6b7ca1ea82316edeef6999369ff hr-invisible  avia-builder-el-12  el_after_av_textblock  el_before_av_slideshow_accordion  avia-builder-el-last '><span class='hr-inner '><span class=\"hr-inner-style\"><\/span><\/span><\/div>\n\n<style type=\"text\/css\" data-created_by=\"avia_inline_auto\" id=\"style-css-av-k2zvym2z-7b71d72c9130564f40d74150e4870eef\">\n.avia-accordion.av-k2zvym2z-7b71d72c9130564f40d74150e4870eef{\nmax-height:684px;\n}\n.avia-accordion.av-k2zvym2z-7b71d72c9130564f40d74150e4870eef .aviaccordion-preview{\nwidth:20.1%;\n}\n.avia-accordion .aviaccordion-slide.av-k2zvym2z-7b71d72c9130564f40d74150e4870eef__0{\nleft:0%;\n}\n.avia-accordion .aviaccordion-slide.av-k2zvym2z-7b71d72c9130564f40d74150e4870eef__1{\nleft:20%;\n}\n.avia-accordion .aviaccordion-slide.av-k2zvym2z-7b71d72c9130564f40d74150e4870eef__2{\nleft:40%;\n}\n.avia-accordion .aviaccordion-slide.av-k2zvym2z-7b71d72c9130564f40d74150e4870eef__3{\nleft:60%;\n}\n.avia-accordion .aviaccordion-slide.av-k2zvym2z-7b71d72c9130564f40d74150e4870eef__4{\nleft:80%;\n}\n<\/style>\n<div  id=\"accordion_slider_1\"  class='aviaccordion avia-accordion av-k2zvym2z-7b71d72c9130564f40d74150e4870eef aviaccordion-title-active av-slideshow-manual av-loop-once ' data-slideshow-options=\"{&quot;interval&quot;:5,&quot;autoplay&quot;:false,&quot;loop_autoplay&quot;:&quot;once&quot;}\"  itemscope=\"itemscope\" itemtype=\"https:\/\/schema.org\/Blog\" ><ul class=\"aviaccordion-inner\"><li class='aviaccordion-slide av-k2zvym2z-7b71d72c9130564f40d74150e4870eef__0 aviaccordion-slide-1' data-av-left='0'  itemscope=\"itemscope\" itemtype=\"https:\/\/schema.org\/CreativeWork\" ><a class='aviaccordion-slide-link noHover' href=\"https:\/\/scandisteel.ee\/wp-content\/uploads\/2019\/11\/shutterstock_1507319432.jpg\" data-srcset=\"https:\/\/scandisteel.ee\/wp-content\/uploads\/2019\/11\/shutterstock_1507319432.jpg 980w, https:\/\/scandisteel.ee\/wp-content\/uploads\/2019\/11\/shutterstock_1507319432-300x200.jpg 300w, https:\/\/scandisteel.ee\/wp-content\/uploads\/2019\/11\/shutterstock_1507319432-768x513.jpg 768w, https:\/\/scandisteel.ee\/wp-content\/uploads\/2019\/11\/shutterstock_1507319432-705x470.jpg 705w, https:\/\/scandisteel.ee\/wp-content\/uploads\/2019\/11\/shutterstock_1507319432-20x13.jpg 20w\" data-sizes=\"(max-width: 980px) 100vw, 980px\"  title=\"shutterstock_1507319432\" ><div class='aviaccordion-preview '><\/div><img loading=\"lazy\" decoding=\"async\" width=\"845\" height=\"654\" src=\"https:\/\/scandisteel.ee\/wp-content\/uploads\/2019\/11\/shutterstock_1507319432-845x654.jpg\" class=\"aviaccordion-image\" alt=\"\" \/><\/a><\/li><li class='aviaccordion-slide av-k2zvym2z-7b71d72c9130564f40d74150e4870eef__1 aviaccordion-slide-2' data-av-left='20'  itemscope=\"itemscope\" itemtype=\"https:\/\/schema.org\/CreativeWork\" ><a class='aviaccordion-slide-link noHover' href=\"https:\/\/scandisteel.ee\/wp-content\/uploads\/2019\/11\/shutterstock_369261524.jpg\" data-srcset=\"https:\/\/scandisteel.ee\/wp-content\/uploads\/2019\/11\/shutterstock_369261524.jpg 980w, https:\/\/scandisteel.ee\/wp-content\/uploads\/2019\/11\/shutterstock_369261524-300x199.jpg 300w, https:\/\/scandisteel.ee\/wp-content\/uploads\/2019\/11\/shutterstock_369261524-768x510.jpg 768w, https:\/\/scandisteel.ee\/wp-content\/uploads\/2019\/11\/shutterstock_369261524-705x468.jpg 705w, https:\/\/scandisteel.ee\/wp-content\/uploads\/2019\/11\/shutterstock_369261524-20x13.jpg 20w\" data-sizes=\"(max-width: 980px) 100vw, 980px\"  title=\"shutterstock_369261524\" ><div class='aviaccordion-preview '><\/div><img loading=\"lazy\" decoding=\"async\" width=\"845\" height=\"651\" src=\"https:\/\/scandisteel.ee\/wp-content\/uploads\/2019\/11\/shutterstock_369261524-845x651.jpg\" class=\"aviaccordion-image\" alt=\"\" \/><\/a><\/li><li class='aviaccordion-slide av-k2zvym2z-7b71d72c9130564f40d74150e4870eef__2 aviaccordion-slide-3' data-av-left='40'  itemscope=\"itemscope\" itemtype=\"https:\/\/schema.org\/CreativeWork\" ><a class='aviaccordion-slide-link noHover' href=\"https:\/\/scandisteel.ee\/wp-content\/uploads\/2019\/11\/shutterstock_232675477.jpg\" data-srcset=\"https:\/\/scandisteel.ee\/wp-content\/uploads\/2019\/11\/shutterstock_232675477.jpg 980w, https:\/\/scandisteel.ee\/wp-content\/uploads\/2019\/11\/shutterstock_232675477-300x200.jpg 300w, https:\/\/scandisteel.ee\/wp-content\/uploads\/2019\/11\/shutterstock_232675477-768x513.jpg 768w, https:\/\/scandisteel.ee\/wp-content\/uploads\/2019\/11\/shutterstock_232675477-705x470.jpg 705w, https:\/\/scandisteel.ee\/wp-content\/uploads\/2019\/11\/shutterstock_232675477-20x13.jpg 20w\" data-sizes=\"(max-width: 980px) 100vw, 980px\"  title=\"shutterstock_232675477\" ><div class='aviaccordion-preview '><\/div><img loading=\"lazy\" decoding=\"async\" width=\"845\" height=\"654\" src=\"https:\/\/scandisteel.ee\/wp-content\/uploads\/2019\/11\/shutterstock_232675477-845x654.jpg\" class=\"aviaccordion-image\" alt=\"\" \/><\/a><\/li><li class='aviaccordion-slide av-k2zvym2z-7b71d72c9130564f40d74150e4870eef__3 aviaccordion-slide-4' data-av-left='60'  itemscope=\"itemscope\" itemtype=\"https:\/\/schema.org\/CreativeWork\" ><a class='aviaccordion-slide-link noHover' href=\"https:\/\/scandisteel.ee\/wp-content\/uploads\/2019\/11\/shutterstock_526790185.jpg\" data-srcset=\"https:\/\/scandisteel.ee\/wp-content\/uploads\/2019\/11\/shutterstock_526790185.jpg 980w, https:\/\/scandisteel.ee\/wp-content\/uploads\/2019\/11\/shutterstock_526790185-300x200.jpg 300w, https:\/\/scandisteel.ee\/wp-content\/uploads\/2019\/11\/shutterstock_526790185-768x512.jpg 768w, https:\/\/scandisteel.ee\/wp-content\/uploads\/2019\/11\/shutterstock_526790185-705x470.jpg 705w, https:\/\/scandisteel.ee\/wp-content\/uploads\/2019\/11\/shutterstock_526790185-20x13.jpg 20w\" data-sizes=\"(max-width: 980px) 100vw, 980px\"  title=\"shutterstock_526790185\" ><div class='aviaccordion-preview '><\/div><img loading=\"lazy\" decoding=\"async\" width=\"845\" height=\"653\" src=\"https:\/\/scandisteel.ee\/wp-content\/uploads\/2019\/11\/shutterstock_526790185-845x653.jpg\" class=\"aviaccordion-image\" alt=\"\" \/><\/a><\/li><li class='aviaccordion-slide av-k2zvym2z-7b71d72c9130564f40d74150e4870eef__4 aviaccordion-slide-5' data-av-left='80'  itemscope=\"itemscope\" itemtype=\"https:\/\/schema.org\/CreativeWork\" ><a class='aviaccordion-slide-link noHover' href=\"https:\/\/scandisteel.ee\/wp-content\/uploads\/2019\/11\/shutterstock_528719881.jpg\" data-srcset=\"https:\/\/scandisteel.ee\/wp-content\/uploads\/2019\/11\/shutterstock_528719881.jpg 980w, https:\/\/scandisteel.ee\/wp-content\/uploads\/2019\/11\/shutterstock_528719881-300x200.jpg 300w, https:\/\/scandisteel.ee\/wp-content\/uploads\/2019\/11\/shutterstock_528719881-768x512.jpg 768w, https:\/\/scandisteel.ee\/wp-content\/uploads\/2019\/11\/shutterstock_528719881-705x470.jpg 705w, https:\/\/scandisteel.ee\/wp-content\/uploads\/2019\/11\/shutterstock_528719881-20x13.jpg 20w\" data-sizes=\"(max-width: 980px) 100vw, 980px\"  title=\"shutterstock_528719881\" ><div class='aviaccordion-preview '><\/div><img loading=\"lazy\" decoding=\"async\" width=\"845\" height=\"653\" src=\"https:\/\/scandisteel.ee\/wp-content\/uploads\/2019\/11\/shutterstock_528719881-845x653.jpg\" class=\"aviaccordion-image\" alt=\"\" \/><\/a><\/li><\/ul><div class='aviaccordion-spacer' style='padding-bottom:80.94674556213%'><\/div><\/div>\n<\/div><\/div><\/div><!-- close content main div --><\/div><\/div><div id='after_section_2'  class='main_color av_default_container_wrap container_wrap sidebar_right'  ><div class='container av-section-cont-open' ><div class='template-page content  av-content-small alpha units'><div class='post-entry post-entry-type-page post-entry-1595'><div class='entry-content-wrapper clearfix'>\n","protected":false},"excerpt":{"rendered":"","protected":false},"author":3,"featured_media":0,"parent":0,"menu_order":0,"comment_status":"closed","ping_status":"closed","template":"","meta":{"footnotes":""},"class_list":["post-1595","page","type-page","status-publish","hentry"],"yoast_head":"<!-- This site is optimized with the Yoast SEO plugin v27.1.1 - https:\/\/yoast.com\/product\/yoast-seo-wordpress\/ -->\n<title>Svetsning - Scandisteel O\u00dc<\/title>\n<meta name=\"robots\" content=\"index, follow, max-snippet:-1, max-image-preview:large, max-video-preview:-1\" \/>\n<link rel=\"canonical\" href=\"https:\/\/scandisteel.ee\/sv\/svetsning\/\" \/>\n<meta property=\"og:locale\" content=\"sv_SE\" \/>\n<meta property=\"og:type\" content=\"article\" \/>\n<meta property=\"og:title\" content=\"Svetsning - Scandisteel O\u00dc\" \/>\n<meta property=\"og:url\" content=\"https:\/\/scandisteel.ee\/sv\/svetsning\/\" \/>\n<meta property=\"og:site_name\" content=\"Scandisteel O\u00dc\" \/>\n<meta property=\"og:image\" content=\"https:\/\/scandisteel.ee\/wp-content\/uploads\/2019\/11\/Logo_White@2x.jpg\" \/>\n\t<meta property=\"og:image:width\" content=\"898\" \/>\n\t<meta property=\"og:image:height\" content=\"324\" \/>\n\t<meta property=\"og:image:type\" content=\"image\/jpeg\" \/>\n<meta name=\"twitter:card\" content=\"summary_large_image\" \/>\n<meta name=\"twitter:label1\" content=\"Ber\u00e4knad l\u00e4stid\" \/>\n\t<meta name=\"twitter:data1\" content=\"6 minuter\" \/>\n<script type=\"application\/ld+json\" class=\"yoast-schema-graph\">{\"@context\":\"https:\/\/schema.org\",\"@graph\":[{\"@type\":\"WebPage\",\"@id\":\"https:\/\/scandisteel.ee\/sv\/svetsning\/\",\"url\":\"https:\/\/scandisteel.ee\/sv\/svetsning\/\",\"name\":\"Svetsning - Scandisteel O\u00dc\",\"isPartOf\":{\"@id\":\"https:\/\/scandisteel.ee\/sv\/#website\"},\"datePublished\":\"2019-12-17T09:29:08+00:00\",\"breadcrumb\":{\"@id\":\"https:\/\/scandisteel.ee\/sv\/svetsning\/#breadcrumb\"},\"inLanguage\":\"sv-SE\",\"potentialAction\":[{\"@type\":\"ReadAction\",\"target\":[\"https:\/\/scandisteel.ee\/sv\/svetsning\/\"]}]},{\"@type\":\"BreadcrumbList\",\"@id\":\"https:\/\/scandisteel.ee\/sv\/svetsning\/#breadcrumb\",\"itemListElement\":[{\"@type\":\"ListItem\",\"position\":1,\"name\":\"Home\",\"item\":\"https:\/\/scandisteel.ee\/sv\/\"},{\"@type\":\"ListItem\",\"position\":2,\"name\":\"Svetsning\"}]},{\"@type\":\"WebSite\",\"@id\":\"https:\/\/scandisteel.ee\/sv\/#website\",\"url\":\"https:\/\/scandisteel.ee\/sv\/\",\"name\":\"Scandisteel O\u00dc\",\"description\":\"\",\"publisher\":{\"@id\":\"https:\/\/scandisteel.ee\/sv\/#organization\"},\"potentialAction\":[{\"@type\":\"SearchAction\",\"target\":{\"@type\":\"EntryPoint\",\"urlTemplate\":\"https:\/\/scandisteel.ee\/sv\/?s={search_term_string}\"},\"query-input\":{\"@type\":\"PropertyValueSpecification\",\"valueRequired\":true,\"valueName\":\"search_term_string\"}}],\"inLanguage\":\"sv-SE\"},{\"@type\":\"Organization\",\"@id\":\"https:\/\/scandisteel.ee\/sv\/#organization\",\"name\":\"Scandisteel O\u00dc\",\"url\":\"https:\/\/scandisteel.ee\/sv\/\",\"logo\":{\"@type\":\"ImageObject\",\"inLanguage\":\"sv-SE\",\"@id\":\"https:\/\/scandisteel.ee\/sv\/#\/schema\/logo\/image\/\",\"url\":\"https:\/\/scandisteel.ee\/wp-content\/uploads\/2019\/11\/Logo_White@2x.jpg\",\"contentUrl\":\"https:\/\/scandisteel.ee\/wp-content\/uploads\/2019\/11\/Logo_White@2x.jpg\",\"width\":898,\"height\":324,\"caption\":\"Scandisteel O\u00dc\"},\"image\":{\"@id\":\"https:\/\/scandisteel.ee\/sv\/#\/schema\/logo\/image\/\"}}]}<\/script>\n<!-- \/ Yoast SEO plugin. -->","yoast_head_json":{"title":"Svetsning - Scandisteel O\u00dc","robots":{"index":"index","follow":"follow","max-snippet":"max-snippet:-1","max-image-preview":"max-image-preview:large","max-video-preview":"max-video-preview:-1"},"canonical":"https:\/\/scandisteel.ee\/sv\/svetsning\/","og_locale":"sv_SE","og_type":"article","og_title":"Svetsning - Scandisteel O\u00dc","og_url":"https:\/\/scandisteel.ee\/sv\/svetsning\/","og_site_name":"Scandisteel O\u00dc","og_image":[{"width":898,"height":324,"url":"https:\/\/scandisteel.ee\/wp-content\/uploads\/2019\/11\/Logo_White@2x.jpg","type":"image\/jpeg"}],"twitter_card":"summary_large_image","twitter_misc":{"Ber\u00e4knad l\u00e4stid":"6 minuter"},"schema":{"@context":"https:\/\/schema.org","@graph":[{"@type":"WebPage","@id":"https:\/\/scandisteel.ee\/sv\/svetsning\/","url":"https:\/\/scandisteel.ee\/sv\/svetsning\/","name":"Svetsning - Scandisteel O\u00dc","isPartOf":{"@id":"https:\/\/scandisteel.ee\/sv\/#website"},"datePublished":"2019-12-17T09:29:08+00:00","breadcrumb":{"@id":"https:\/\/scandisteel.ee\/sv\/svetsning\/#breadcrumb"},"inLanguage":"sv-SE","potentialAction":[{"@type":"ReadAction","target":["https:\/\/scandisteel.ee\/sv\/svetsning\/"]}]},{"@type":"BreadcrumbList","@id":"https:\/\/scandisteel.ee\/sv\/svetsning\/#breadcrumb","itemListElement":[{"@type":"ListItem","position":1,"name":"Home","item":"https:\/\/scandisteel.ee\/sv\/"},{"@type":"ListItem","position":2,"name":"Svetsning"}]},{"@type":"WebSite","@id":"https:\/\/scandisteel.ee\/sv\/#website","url":"https:\/\/scandisteel.ee\/sv\/","name":"Scandisteel O\u00dc","description":"","publisher":{"@id":"https:\/\/scandisteel.ee\/sv\/#organization"},"potentialAction":[{"@type":"SearchAction","target":{"@type":"EntryPoint","urlTemplate":"https:\/\/scandisteel.ee\/sv\/?s={search_term_string}"},"query-input":{"@type":"PropertyValueSpecification","valueRequired":true,"valueName":"search_term_string"}}],"inLanguage":"sv-SE"},{"@type":"Organization","@id":"https:\/\/scandisteel.ee\/sv\/#organization","name":"Scandisteel O\u00dc","url":"https:\/\/scandisteel.ee\/sv\/","logo":{"@type":"ImageObject","inLanguage":"sv-SE","@id":"https:\/\/scandisteel.ee\/sv\/#\/schema\/logo\/image\/","url":"https:\/\/scandisteel.ee\/wp-content\/uploads\/2019\/11\/Logo_White@2x.jpg","contentUrl":"https:\/\/scandisteel.ee\/wp-content\/uploads\/2019\/11\/Logo_White@2x.jpg","width":898,"height":324,"caption":"Scandisteel O\u00dc"},"image":{"@id":"https:\/\/scandisteel.ee\/sv\/#\/schema\/logo\/image\/"}}]}},"_links":{"self":[{"href":"https:\/\/scandisteel.ee\/sv\/wp-json\/wp\/v2\/pages\/1595","targetHints":{"allow":["GET"]}}],"collection":[{"href":"https:\/\/scandisteel.ee\/sv\/wp-json\/wp\/v2\/pages"}],"about":[{"href":"https:\/\/scandisteel.ee\/sv\/wp-json\/wp\/v2\/types\/page"}],"author":[{"embeddable":true,"href":"https:\/\/scandisteel.ee\/sv\/wp-json\/wp\/v2\/users\/3"}],"replies":[{"embeddable":true,"href":"https:\/\/scandisteel.ee\/sv\/wp-json\/wp\/v2\/comments?post=1595"}],"version-history":[{"count":0,"href":"https:\/\/scandisteel.ee\/sv\/wp-json\/wp\/v2\/pages\/1595\/revisions"}],"wp:attachment":[{"href":"https:\/\/scandisteel.ee\/sv\/wp-json\/wp\/v2\/media?parent=1595"}],"curies":[{"name":"wp","href":"https:\/\/api.w.org\/{rel}","templated":true}]}}