{"id":1602,"date":"2019-12-17T09:31:03","date_gmt":"2019-12-17T09:31:03","guid":{"rendered":"https:\/\/scandisteel.ee\/kontakter\/"},"modified":"2023-10-30T13:08:38","modified_gmt":"2023-10-30T11:08:38","slug":"kontakter","status":"publish","type":"page","link":"https:\/\/scandisteel.ee\/sv\/kontakter\/","title":{"rendered":"Kontakter"},"content":{"rendered":"<div id='av_section_1'  class='avia-section av-r567e-9aa4ecc7ff31459db743eb01daf7e7b8 main_color avia-section-default avia-no-border-styling  avia-builder-el-0  el_before_av_layout_row  avia-builder-el-first  avia-bg-style-scroll container_wrap sidebar_right'  ><div class='container av-section-cont-open' ><main  role=\"main\" itemprop=\"mainContentOfPage\"  class='template-page content  av-content-small alpha units'><div class='post-entry post-entry-type-page post-entry-1602'><div class='entry-content-wrapper clearfix'>\n\n<style type=\"text\/css\" data-created_by=\"avia_inline_auto\" id=\"style-css-av-lsttm-8ffdc41dc97d9ffb0a51c97caf248dcd\">\n.flex_column.av-lsttm-8ffdc41dc97d9ffb0a51c97caf248dcd{\n-webkit-border-radius:0px 0px 0px 0px;\n-moz-border-radius:0px 0px 0px 0px;\nborder-radius:0px 0px 0px 0px;\npadding:0px 0px 0px 0px;\n}\n<\/style>\n<div class='flex_column av-lsttm-8ffdc41dc97d9ffb0a51c97caf248dcd av_one_third  avia-builder-el-1  el_before_av_one_third  avia-builder-el-first  first flex_column_div av-zero-column-padding '     ><section  class='avia-team-member av-k3y5o52b-87997e8912885737c34ca0fc7012279f  avia-builder-el-2  avia-builder-el-no-sibling '  itemscope=\"itemscope\" itemtype=\"https:\/\/schema.org\/Person\" ><h3 class='team-member-name '  itemprop=\"name\" >Aleksei Ushkov <\/h3><div class='team-member-job-title '  itemprop=\"jobTitle\" >VD<\/div><div class='team-member-description '  itemprop=\"description\" ><p><a href=\"tel:+37255666325\">+372 55666325<\/a> | <a href=\"mail:&#x61;&#108;e&#x6b;&#115;&#101;&#x69;&#x40;&#115;c&#x61;&#110;d&#x69;&#x73;&#116;e&#x65;&#108;&#46;&#x65;&#x65;\">al&#101;&#107;&#x73;&#x65;&#x69;&#x40;sc&#97;&#110;&#x64;&#x69;&#x73;&#x74;ee&#108;&#46;&#101;&#x65;<\/a><\/p>\n<\/div><span class='hidden team-member-affiliation'  itemprop=\"affiliation\" >Scandisteel O\u00dc<\/span><\/section><\/div>\n<style type=\"text\/css\" data-created_by=\"avia_inline_auto\" id=\"style-css-av-d5fy2-3189aa52cd41859e380fd75f3eade2c1\">\n.flex_column.av-d5fy2-3189aa52cd41859e380fd75f3eade2c1{\n-webkit-border-radius:0px 0px 0px 0px;\n-moz-border-radius:0px 0px 0px 0px;\nborder-radius:0px 0px 0px 0px;\npadding:0px 0px 0px 0px;\n}\n<\/style>\n<div class='flex_column av-d5fy2-3189aa52cd41859e380fd75f3eade2c1 av_one_third  avia-builder-el-3  el_after_av_one_third  el_before_av_one_third  flex_column_div av-zero-column-padding '     ><section  class='avia-team-member av-k3y5o52b-7-2336da3990a19727816193a167131c00  avia-builder-el-4  avia-builder-el-no-sibling '  itemscope=\"itemscope\" itemtype=\"https:\/\/schema.org\/Person\" ><h3 class='team-member-name '  itemprop=\"name\" >Merlin Kaljuvee<\/h3><div class='team-member-job-title '  itemprop=\"jobTitle\" >F\u00f6rs\u00e4ljningschef<\/div><div class='team-member-description '  itemprop=\"description\" ><p><a href=\"tel:+37256622104\">+372 56622104<\/a> | <a href=\"mail:s&#97;&#108;&#x65;&#x73;&#64;&#115;&#99;&#x61;&#x6e;&#x64;i&#115;&#116;&#x65;&#x65;l&#46;&#101;&#x65;\">s&#97;&#x6c;&#x65;s&#64;&#115;&#x63;&#x61;n&#100;&#x69;&#x73;t&#101;&#101;&#x6c;&#x2e;e&#101;<\/a><\/p>\n<\/div><span class='hidden team-member-affiliation'  itemprop=\"affiliation\" >Scandisteel O\u00dc<\/span><\/section><\/div>\n<style type=\"text\/css\" data-created_by=\"avia_inline_auto\" id=\"style-css-av-6khuq-8911a7f89a2826139a3709732816a7a0\">\n.flex_column.av-6khuq-8911a7f89a2826139a3709732816a7a0{\n-webkit-border-radius:0px 0px 0px 0px;\n-moz-border-radius:0px 0px 0px 0px;\nborder-radius:0px 0px 0px 0px;\npadding:0px 0px 0px 0px;\n}\n<\/style>\n<div class='flex_column av-6khuq-8911a7f89a2826139a3709732816a7a0 av_one_third  avia-builder-el-5  el_after_av_one_third  el_before_av_one_third  flex_column_div av-zero-column-padding '     ><section  class='avia-team-member av-k3y5o52b-6-e5868999b97ae0b8f45a0a7b4f0132f2  avia-builder-el-6  avia-builder-el-no-sibling '  itemscope=\"itemscope\" itemtype=\"https:\/\/schema.org\/Person\" ><h3 class='team-member-name '  itemprop=\"name\" >Andrey Khramov<\/h3><div class='team-member-job-title '  itemprop=\"jobTitle\" >Produktionschef<\/div><div class='team-member-description '  itemprop=\"description\" ><p><a href=\"mail:&#x61;&#x6b;&#64;&#115;&#99;a&#x6e;&#x64;&#x69;&#115;&#116;ee&#x6c;&#x2e;&#x65;&#101;\">&#x61;&#x6b;&#x40;&#x73;&#x63;&#97;&#110;&#100;&#105;ste&#x65;&#x6c;&#x2e;&#x65;&#x65;<\/a><\/p>\n<\/div><span class='hidden team-member-affiliation'  itemprop=\"affiliation\" >Scandisteel O\u00dc<\/span><\/section><\/div>\n<style type=\"text\/css\" data-created_by=\"avia_inline_auto\" id=\"style-css-av-6khuq-5-da3e128c5b5d0f99fb2062a7d17dd92a\">\n.flex_column.av-6khuq-5-da3e128c5b5d0f99fb2062a7d17dd92a{\n-webkit-border-radius:0px 0px 0px 0px;\n-moz-border-radius:0px 0px 0px 0px;\nborder-radius:0px 0px 0px 0px;\npadding:0px 0px 0px 0px;\n}\n<\/style>\n<div class='flex_column av-6khuq-5-da3e128c5b5d0f99fb2062a7d17dd92a av_one_third  avia-builder-el-7  el_after_av_one_third  el_before_av_one_third  first flex_column_div av-zero-column-padding column-top-margin'     ><section  class='avia-team-member av-k3y5o52b-4-28ebc93c9f2127e9d7c0cda0e6ee65c5  avia-builder-el-8  avia-builder-el-no-sibling '  itemscope=\"itemscope\" itemtype=\"https:\/\/schema.org\/Person\" ><h3 class='team-member-name '  itemprop=\"name\" >Liza Rast\u0161jossova<\/h3><div class='team-member-job-title '  itemprop=\"jobTitle\" >Produktionsmultiplikator<\/div><div class='team-member-description '  itemprop=\"description\" ><p><a href=\"mail:&#105;&#x6e;&#102;&#x6f;&#64;&#x73;c&#x61;n&#100;&#x69;&#115;&#x74;&#101;&#x65;l&#x2e;e&#101;\">&#x69;&#x6e;&#102;&#111;&#64;s&#x63;&#x61;&#x6e;&#100;is&#x74;&#x65;&#x65;&#108;&#46;e&#x65;<\/a><\/p>\n<\/div><span class='hidden team-member-affiliation'  itemprop=\"affiliation\" >Scandisteel O\u00dc<\/span><\/section><\/div>\n<style type=\"text\/css\" data-created_by=\"avia_inline_auto\" id=\"style-css-av-av_one_third-da852e3ef3e55b029d2629c41a20524d\">\n.flex_column.av-av_one_third-da852e3ef3e55b029d2629c41a20524d{\n-webkit-border-radius:0px 0px 0px 0px;\n-moz-border-radius:0px 0px 0px 0px;\nborder-radius:0px 0px 0px 0px;\npadding:0px 0px 0px 0px;\n}\n<\/style>\n<div class='flex_column av-av_one_third-da852e3ef3e55b029d2629c41a20524d av_one_third  avia-builder-el-9  el_after_av_one_third  avia-builder-el-last  flex_column_div av-zero-column-padding column-top-margin'     ><section  class='avia-team-member av-locsr7ab-fefe53e0addb51d4e63ffeebf3d72141  avia-builder-el-10  avia-builder-el-no-sibling '  itemscope=\"itemscope\" itemtype=\"https:\/\/schema.org\/Person\" ><h3 class='team-member-name '  itemprop=\"name\" >Germans Korovins<\/h3><div class='team-member-job-title '  itemprop=\"jobTitle\" >Sales manager<\/div><div class='team-member-description '  itemprop=\"description\" ><p><a href=\"tel:+37255944566\">+372 5594 4566<\/a> | <a href=\"mail:&#x67;e&#x72;&#109;&#x61;&#110;&#x73;&#x40;s&#x63;&#97;&#x6e;&#100;&#x69;&#115;t&#x65;&#101;&#x6c;&#46;&#x65;&#101;\">&#103;&#101;&#x72;&#x6d;&#97;&#110;&#x73;&#x40;&#115;&#99;&#x61;&#x6e;&#100;&#105;&#x73;&#x74;&#101;&#101;&#x6c;&#x2e;&#101;&#101;<\/a> | <a href=\"https:\/\/www.scandisteel.ee\">www.scandisteel.ee<\/a><\/p>\n<\/div><span class='hidden team-member-affiliation'  itemprop=\"affiliation\" >Scandisteel O\u00dc<\/span><\/section><\/div><\/div><\/div><\/main><!-- close content main element --><\/div><\/div><div id='av-layout-grid-1'  class='av-layout-grid-container av-6st8i-58241e94a1c3636699656bfef71695d1 entry-content-wrapper main_color av-flex-cells  avia-builder-el-11  el_after_av_section  el_before_av_section  grid-row-not-first  container_wrap sidebar_right'  >\n\n<style type=\"text\/css\" data-created_by=\"avia_inline_auto\" id=\"style-css-av-k4bemzgz-045a8794ae67348c70b42b8bb3347e6e\">\n.flex_cell.av-k4bemzgz-045a8794ae67348c70b42b8bb3347e6e{\nvertical-align:top;\n}\n.responsive #top #wrap_all .flex_cell.av-k4bemzgz-045a8794ae67348c70b42b8bb3347e6e{\npadding:0px 0px 0px 0px !important;\n}\n<\/style>\n<div class='flex_cell av-k4bemzgz-045a8794ae67348c70b42b8bb3347e6e av-gridrow-cell av_one_full no_margin  avia-builder-el-12  avia-builder-el-no-sibling  av-zero-padding' ><div class='flex_cell_inner'>\n<\/div><\/div>\n<\/div><\/p>\n<div id='av_section_2'  class='avia-section av-3l6hei-9e92f5c2cce57d4994724d096a8d9fcd main_color avia-section-huge avia-no-border-styling  avia-builder-el-14  el_after_av_layout_row  avia-builder-el-last  avia-bg-style-scroll container_wrap sidebar_right'  ><div class='container av-section-cont-open' ><div class='template-page content  av-content-small alpha units'><div class='post-entry post-entry-type-page post-entry-1602'><div class='entry-content-wrapper clearfix'>\n\n<style type=\"text\/css\" data-created_by=\"avia_inline_auto\" id=\"style-css-av-2aeuai-c97da7fe26da5abaa7f262ec83eeea2b\">\n.flex_column.av-2aeuai-c97da7fe26da5abaa7f262ec83eeea2b{\n-webkit-border-radius:0px 0px 0px 0px;\n-moz-border-radius:0px 0px 0px 0px;\nborder-radius:0px 0px 0px 0px;\npadding:0px 0px 0px 0px;\n}\n<\/style>\n<div class='flex_column av-2aeuai-c97da7fe26da5abaa7f262ec83eeea2b av_one_half  avia-builder-el-15  el_before_av_one_half  avia-builder-el-first  first flex_column_div av-animated-generic bottom-to-top av-zero-column-padding '     ><p>\n<style type=\"text\/css\" data-created_by=\"avia_inline_auto\" id=\"style-css-av-avb5m-fc9874002f8da6fddce0c65e44086999\">\n#top .av-special-heading.av-avb5m-fc9874002f8da6fddce0c65e44086999{\npadding-bottom:20px;\nfont-size:34px;\n}\nbody .av-special-heading.av-avb5m-fc9874002f8da6fddce0c65e44086999 .av-special-heading-tag .heading-char{\nfont-size:25px;\n}\n#top #wrap_all .av-special-heading.av-avb5m-fc9874002f8da6fddce0c65e44086999 .av-special-heading-tag{\nfont-size:34px;\n}\n.av-special-heading.av-avb5m-fc9874002f8da6fddce0c65e44086999 .av-subheading{\nfont-size:15px;\n}\n\n@media only screen and (min-width: 480px) and (max-width: 767px){ \n#top #wrap_all .av-special-heading.av-avb5m-fc9874002f8da6fddce0c65e44086999 .av-special-heading-tag{\nfont-size:0.8em;\n}\n}\n\n@media only screen and (max-width: 479px){ \n#top #wrap_all .av-special-heading.av-avb5m-fc9874002f8da6fddce0c65e44086999 .av-special-heading-tag{\nfont-size:0.8em;\n}\n}\n<\/style>\n<div  class='av-special-heading av-avb5m-fc9874002f8da6fddce0c65e44086999 av-special-heading-h3 blockquote modern-quote  avia-builder-el-16  el_before_av_contact  avia-builder-el-first  av-inherit-size av-linked-heading'><h3 class='av-special-heading-tag'  itemprop=\"headline\"  >Hur kan vi hj\u00e4lpa dig?<\/h3><div class=\"special-heading-border\"><div class=\"special-heading-inner-border\"><\/div><\/div><\/div><br \/>\n<form action=\"https:\/\/scandisteel.ee\/sv\/kontakter\/\" method=\"post\"  class=\"avia_ajax_form av-form-labels-hidden   avia-builder-el-17  el_after_av_heading  avia-builder-el-last   \" data-avia-form-id=\"1\" data-avia-redirect='' ><fieldset><p class='  first_form  form_element form_element_half' id='element_avia_1_1'><label for=\"avia_1_1\">Namn \/ f\u00f6retag  <abbr class=\"required\" title=\"required\">*<\/abbr><\/label> <input name=\"avia_1_1\" class=\"text_input is_empty\" type=\"text\" id=\"avia_1_1\" value=\"\"  placeholder='Namn \/ f\u00f6retag *'\/><\/p><p class='  form_element form_element_half' id='element_avia_2_1'><label for=\"avia_2_1\">E-Mail <abbr class=\"required\" title=\"required\">*<\/abbr><\/label> <input name=\"avia_2_1\" class=\"text_input is_email\" type=\"text\" id=\"avia_2_1\" value=\"\"  placeholder='E-Mail*'\/><\/p><p class='  first_form  form_element form_fullwidth' id='element_avia_3_1'><label for=\"avia_3_1\">Telefon <abbr class=\"required\" title=\"required\">*<\/abbr><\/label> <input name=\"avia_3_1\" class=\"text_input is_phone\" type=\"text\" id=\"avia_3_1\" value=\"\"  placeholder='Telefon*'\/><\/p><p class='  first_form  form_element form_fullwidth' id='element_avia_4_1'><label for=\"avia_4_1\">Subjekt  <abbr class=\"required\" title=\"required\">*<\/abbr><\/label> <input name=\"avia_4_1\" class=\"text_input is_empty\" type=\"text\" id=\"avia_4_1\" value=\"\"  placeholder='Subjekt *'\/><\/p><p class='  first_form  form_element form_fullwidth' id='element_avia_5_1'><label for=\"avia_5_1\" class=\"textare_label hidden textare_label_avia_5_1\">Inneh\u00e5ll  <abbr class=\"required\" title=\"required\">*<\/abbr><\/label><textarea  placeholder='Inneh\u00e5ll *' name=\"avia_5_1\" class=\"text_area is_empty\" cols=\"40\" rows=\"7\" id=\"avia_5_1\" ><\/textarea><\/p><p class=\"hidden\"><input type=\"text\" name=\"avia_6_1\" class=\"hidden \" id=\"avia_6_1\" value=\"\" \/><\/p><div id='avia_7_1' class='av-recaptcha-area  first_form  form_element form_fullwidth '  data-container_class=\"\" data-custom_class=\"\" data-context=\"av_contact_form\" data-token_input=\"av_recaptcha_token\" data-version=\"avia_recaptcha_v3\" data-theme=\"light\" data-size=\"normal\" data-score=\"0.5\" data-text_to_preview=\"\" data-value=\"\"><div class=\"av-google-badge-message hidden\">This site is protected by reCAPTCHA and the Google <a href=\"https:\/\/policies.google.com\/privacy\">Privacy Policy<\/a> and <a href=\"https:\/\/policies.google.com\/terms\">Terms of Service<\/a> apply.<\/div><\/div><p class=\"form_element \"><input type=\"hidden\" value=\"1\" name=\"avia_generated_form1\" \/><input type=\"submit\" value=\"S\u00e4nd\" class=\"button\"  data-sending-label=\"Sending\"\/><\/p><\/fieldset><div class=\"avia-disabled-form\">This contact form is deactivated because you refused to accept Google reCaptcha service which is necessary to validate any messages sent by the form.<\/div><\/form><div id=\"ajaxresponse_1\" class=\"ajaxresponse ajaxresponse_1 hidden\"><\/div><\/p><\/div>\n<style type=\"text\/css\" data-created_by=\"avia_inline_auto\" id=\"style-css-av-2rmdu-6ba2d797a6b373f7cbf42c11d2765b0b\">\n.flex_column.av-2rmdu-6ba2d797a6b373f7cbf42c11d2765b0b{\n-webkit-border-radius:0px 0px 0px 0px;\n-moz-border-radius:0px 0px 0px 0px;\nborder-radius:0px 0px 0px 0px;\npadding:0px 0px 0px 0px;\n}\n<\/style>\n<div class='flex_column av-2rmdu-6ba2d797a6b373f7cbf42c11d2765b0b av_one_half  avia-builder-el-18  el_after_av_one_half  avia-builder-el-last  flex_column_div av-animated-generic bottom-to-top av-zero-column-padding '     ><p>\n<style type=\"text\/css\" data-created_by=\"avia_inline_auto\" id=\"style-css-av-k2zvdr6j-144dbe5d59536cc0c1abfd9f4235d9b0\">\n#top .hr.hr-invisible.av-k2zvdr6j-144dbe5d59536cc0c1abfd9f4235d9b0{\nheight:20px;\n}\n<\/style>\n<div  class='hr av-k2zvdr6j-144dbe5d59536cc0c1abfd9f4235d9b0 hr-invisible  avia-builder-el-19  el_before_av_textblock  avia-builder-el-first '><span class='hr-inner '><span class=\"hr-inner-style\"><\/span><\/span><\/div><br \/>\n<section  class='av_textblock_section av-hrf96-cd9dec58befac5088bc306313e1e2eea'  itemscope=\"itemscope\" itemtype=\"https:\/\/schema.org\/CreativeWork\" ><div class='avia_textblock'  itemprop=\"text\" ><h3>Scandisteel O\u00dc<\/h3>\n<p>Reg.nr: 14352866<br \/>\nKMK NR: EE102055351<br \/>\n<a href=\"https:\/\/goo.gl\/maps\/9v92zkxgBoUMWBiK8\">59\u00b025&#8217;47.8&#8243;N 24\u00b057&#8217;10.9&#8243;E &#8211; Saha tee 18, Loo 74201<\/a><\/p>\n<h3>Kontakter<\/h3>\n<p>Aleksei Ushkov<br \/>\nVD<br \/>\n<a href=\"&#109;&#x61;i&#108;&#x74;o&#58;&#x61;l&#101;&#x6b;s&#101;&#x69;&#64;&#115;&#x63;a&#110;&#x64;i&#115;&#x74;e&#101;&#x6c;&#46;&#101;&#x65;\">&#x61;&#108;&#101;k&#x73;&#x65;&#105;&#64;&#x73;&#x63;&#97;n&#x64;&#x69;&#115;t&#x65;&#x65;&#108;&#46;&#x65;&#x65;<\/a><br \/>\n<a href=\"tel:37255666325\">+37255666325<\/a><\/p>\n<\/div><\/section><br \/>\n<section  class='av_textblock_section av-l1epq0lu-19d0933ff4a65bcae105f480fc1ca34d'  itemscope=\"itemscope\" itemtype=\"https:\/\/schema.org\/CreativeWork\" ><div class='avia_textblock'  itemprop=\"text\" ><p style=\"text-align: left;\">Fr\u00e5n 1.04.2022 V\u00e5r nya adress \u00e4r 59\u00b025&#8217;47.8&#8243;N 24\u00b057&#8217;10.9&#8243;E \u2013 Saha tee 18, Loo 74201 Harju County, J\u00f5el\u00e4htme Landsbygdskommun<\/p>\n<\/div><\/section><\/p><\/div>\n<\/div><\/div><\/div><!-- close content main div --><\/div><\/div><div id='after_section_2'  class='main_color av_default_container_wrap container_wrap sidebar_right'  ><div class='container av-section-cont-open' ><div class='template-page content  av-content-small alpha units'><div class='post-entry post-entry-type-page post-entry-1602'><div class='entry-content-wrapper clearfix'>\n","protected":false},"excerpt":{"rendered":"","protected":false},"author":3,"featured_media":0,"parent":0,"menu_order":0,"comment_status":"closed","ping_status":"closed","template":"","meta":{"footnotes":""},"class_list":["post-1602","page","type-page","status-publish","hentry"],"yoast_head":"<!-- This site is optimized with the Yoast SEO plugin v27.1.1 - https:\/\/yoast.com\/product\/yoast-seo-wordpress\/ -->\n<title>Kontakter - Scandisteel O\u00dc<\/title>\n<meta name=\"robots\" content=\"index, follow, max-snippet:-1, max-image-preview:large, max-video-preview:-1\" \/>\n<link rel=\"canonical\" href=\"https:\/\/scandisteel.ee\/sv\/kontakter\/\" \/>\n<meta property=\"og:locale\" content=\"sv_SE\" \/>\n<meta property=\"og:type\" content=\"article\" \/>\n<meta property=\"og:title\" content=\"Kontakter - Scandisteel O\u00dc\" \/>\n<meta property=\"og:url\" content=\"https:\/\/scandisteel.ee\/sv\/kontakter\/\" \/>\n<meta property=\"og:site_name\" content=\"Scandisteel O\u00dc\" \/>\n<meta property=\"article:modified_time\" content=\"2023-10-30T11:08:38+00:00\" \/>\n<meta property=\"og:image\" content=\"https:\/\/scandisteel.ee\/wp-content\/uploads\/2019\/11\/Logo_White@2x.jpg\" \/>\n\t<meta property=\"og:image:width\" content=\"898\" \/>\n\t<meta property=\"og:image:height\" content=\"324\" \/>\n\t<meta property=\"og:image:type\" content=\"image\/jpeg\" \/>\n<meta name=\"twitter:card\" content=\"summary_large_image\" \/>\n<meta name=\"twitter:label1\" content=\"Ber\u00e4knad l\u00e4stid\" \/>\n\t<meta name=\"twitter:data1\" content=\"4 minuter\" \/>\n<script type=\"application\/ld+json\" class=\"yoast-schema-graph\">{\"@context\":\"https:\/\/schema.org\",\"@graph\":[{\"@type\":\"WebPage\",\"@id\":\"https:\/\/scandisteel.ee\/sv\/kontakter\/\",\"url\":\"https:\/\/scandisteel.ee\/sv\/kontakter\/\",\"name\":\"Kontakter - Scandisteel O\u00dc\",\"isPartOf\":{\"@id\":\"https:\/\/scandisteel.ee\/sv\/#website\"},\"datePublished\":\"2019-12-17T09:31:03+00:00\",\"dateModified\":\"2023-10-30T11:08:38+00:00\",\"breadcrumb\":{\"@id\":\"https:\/\/scandisteel.ee\/sv\/kontakter\/#breadcrumb\"},\"inLanguage\":\"sv-SE\",\"potentialAction\":[{\"@type\":\"ReadAction\",\"target\":[\"https:\/\/scandisteel.ee\/sv\/kontakter\/\"]}]},{\"@type\":\"BreadcrumbList\",\"@id\":\"https:\/\/scandisteel.ee\/sv\/kontakter\/#breadcrumb\",\"itemListElement\":[{\"@type\":\"ListItem\",\"position\":1,\"name\":\"Home\",\"item\":\"https:\/\/scandisteel.ee\/sv\/\"},{\"@type\":\"ListItem\",\"position\":2,\"name\":\"Kontakter\"}]},{\"@type\":\"WebSite\",\"@id\":\"https:\/\/scandisteel.ee\/sv\/#website\",\"url\":\"https:\/\/scandisteel.ee\/sv\/\",\"name\":\"Scandisteel O\u00dc\",\"description\":\"\",\"publisher\":{\"@id\":\"https:\/\/scandisteel.ee\/sv\/#organization\"},\"potentialAction\":[{\"@type\":\"SearchAction\",\"target\":{\"@type\":\"EntryPoint\",\"urlTemplate\":\"https:\/\/scandisteel.ee\/sv\/?s={search_term_string}\"},\"query-input\":{\"@type\":\"PropertyValueSpecification\",\"valueRequired\":true,\"valueName\":\"search_term_string\"}}],\"inLanguage\":\"sv-SE\"},{\"@type\":\"Organization\",\"@id\":\"https:\/\/scandisteel.ee\/sv\/#organization\",\"name\":\"Scandisteel O\u00dc\",\"url\":\"https:\/\/scandisteel.ee\/sv\/\",\"logo\":{\"@type\":\"ImageObject\",\"inLanguage\":\"sv-SE\",\"@id\":\"https:\/\/scandisteel.ee\/sv\/#\/schema\/logo\/image\/\",\"url\":\"https:\/\/scandisteel.ee\/wp-content\/uploads\/2019\/11\/Logo_White@2x.jpg\",\"contentUrl\":\"https:\/\/scandisteel.ee\/wp-content\/uploads\/2019\/11\/Logo_White@2x.jpg\",\"width\":898,\"height\":324,\"caption\":\"Scandisteel O\u00dc\"},\"image\":{\"@id\":\"https:\/\/scandisteel.ee\/sv\/#\/schema\/logo\/image\/\"}}]}<\/script>\n<!-- \/ Yoast SEO plugin. -->","yoast_head_json":{"title":"Kontakter - Scandisteel O\u00dc","robots":{"index":"index","follow":"follow","max-snippet":"max-snippet:-1","max-image-preview":"max-image-preview:large","max-video-preview":"max-video-preview:-1"},"canonical":"https:\/\/scandisteel.ee\/sv\/kontakter\/","og_locale":"sv_SE","og_type":"article","og_title":"Kontakter - Scandisteel O\u00dc","og_url":"https:\/\/scandisteel.ee\/sv\/kontakter\/","og_site_name":"Scandisteel O\u00dc","article_modified_time":"2023-10-30T11:08:38+00:00","og_image":[{"width":898,"height":324,"url":"https:\/\/scandisteel.ee\/wp-content\/uploads\/2019\/11\/Logo_White@2x.jpg","type":"image\/jpeg"}],"twitter_card":"summary_large_image","twitter_misc":{"Ber\u00e4knad l\u00e4stid":"4 minuter"},"schema":{"@context":"https:\/\/schema.org","@graph":[{"@type":"WebPage","@id":"https:\/\/scandisteel.ee\/sv\/kontakter\/","url":"https:\/\/scandisteel.ee\/sv\/kontakter\/","name":"Kontakter - Scandisteel O\u00dc","isPartOf":{"@id":"https:\/\/scandisteel.ee\/sv\/#website"},"datePublished":"2019-12-17T09:31:03+00:00","dateModified":"2023-10-30T11:08:38+00:00","breadcrumb":{"@id":"https:\/\/scandisteel.ee\/sv\/kontakter\/#breadcrumb"},"inLanguage":"sv-SE","potentialAction":[{"@type":"ReadAction","target":["https:\/\/scandisteel.ee\/sv\/kontakter\/"]}]},{"@type":"BreadcrumbList","@id":"https:\/\/scandisteel.ee\/sv\/kontakter\/#breadcrumb","itemListElement":[{"@type":"ListItem","position":1,"name":"Home","item":"https:\/\/scandisteel.ee\/sv\/"},{"@type":"ListItem","position":2,"name":"Kontakter"}]},{"@type":"WebSite","@id":"https:\/\/scandisteel.ee\/sv\/#website","url":"https:\/\/scandisteel.ee\/sv\/","name":"Scandisteel O\u00dc","description":"","publisher":{"@id":"https:\/\/scandisteel.ee\/sv\/#organization"},"potentialAction":[{"@type":"SearchAction","target":{"@type":"EntryPoint","urlTemplate":"https:\/\/scandisteel.ee\/sv\/?s={search_term_string}"},"query-input":{"@type":"PropertyValueSpecification","valueRequired":true,"valueName":"search_term_string"}}],"inLanguage":"sv-SE"},{"@type":"Organization","@id":"https:\/\/scandisteel.ee\/sv\/#organization","name":"Scandisteel O\u00dc","url":"https:\/\/scandisteel.ee\/sv\/","logo":{"@type":"ImageObject","inLanguage":"sv-SE","@id":"https:\/\/scandisteel.ee\/sv\/#\/schema\/logo\/image\/","url":"https:\/\/scandisteel.ee\/wp-content\/uploads\/2019\/11\/Logo_White@2x.jpg","contentUrl":"https:\/\/scandisteel.ee\/wp-content\/uploads\/2019\/11\/Logo_White@2x.jpg","width":898,"height":324,"caption":"Scandisteel O\u00dc"},"image":{"@id":"https:\/\/scandisteel.ee\/sv\/#\/schema\/logo\/image\/"}}]}},"_links":{"self":[{"href":"https:\/\/scandisteel.ee\/sv\/wp-json\/wp\/v2\/pages\/1602","targetHints":{"allow":["GET"]}}],"collection":[{"href":"https:\/\/scandisteel.ee\/sv\/wp-json\/wp\/v2\/pages"}],"about":[{"href":"https:\/\/scandisteel.ee\/sv\/wp-json\/wp\/v2\/types\/page"}],"author":[{"embeddable":true,"href":"https:\/\/scandisteel.ee\/sv\/wp-json\/wp\/v2\/users\/3"}],"replies":[{"embeddable":true,"href":"https:\/\/scandisteel.ee\/sv\/wp-json\/wp\/v2\/comments?post=1602"}],"version-history":[{"count":39,"href":"https:\/\/scandisteel.ee\/sv\/wp-json\/wp\/v2\/pages\/1602\/revisions"}],"predecessor-version":[{"id":5146,"href":"https:\/\/scandisteel.ee\/sv\/wp-json\/wp\/v2\/pages\/1602\/revisions\/5146"}],"wp:attachment":[{"href":"https:\/\/scandisteel.ee\/sv\/wp-json\/wp\/v2\/media?parent=1602"}],"curies":[{"name":"wp","href":"https:\/\/api.w.org\/{rel}","templated":true}]}}